{"id":1066,"date":"2018-10-10T18:37:20","date_gmt":"2018-10-10T18:37:20","guid":{"rendered":"https:\/\/sunway.freevision.me\/?page_id=1066"},"modified":"2022-06-14T21:59:50","modified_gmt":"2022-06-14T19:59:50","slug":"aktivity","status":"publish","type":"page","link":"http:\/\/sport-areal.cz\/index.php\/aktivity\/","title":{"rendered":"Aktivity"},"content":{"rendered":"<p>[vc_row full_width=&#8220;stretch_row&#8220; content_placement=&#8220;middle&#8220; parallax=&#8220;content-moving&#8220; parallax_image=&#8220;2169&#8243; css=&#8220;.vc_custom_1618699891915{margin-top: 0px !important;margin-bottom: 0px !important;padding-top: 150px !important;padding-bottom: 150px !important;}&#8220;][vc_column][vc_custom_heading text=&#8220;REKREA\u010cN\u00cd A SPORTOVN\u00cd AKTIVITY&#8220; font_container=&#8220;tag:h1|text_align:right|color:%23ffffff&#8220; google_fonts=&#8220;font_family:Playfair%20Display%3Aregular%2Citalic%2C700%2C700italic%2C900%2C900italic|font_style:400%20regular%3A400%3Anormal&#8220;][vc_custom_heading text=&#8220;co v\u0161echno u n\u00e1s m\u016f\u017eete d\u011blat&#8220; font_container=&#8220;tag:h4|text_align:right|color:%23ffffff&#8220; google_fonts=&#8220;font_family:Playfair%20Display%3Aregular%2Citalic%2C700%2C700italic%2C900%2C900italic|font_style:400%20italic%3A400%3Aitalic&#8220;][\/vc_column][\/vc_row][vc_row css=&#8220;.vc_custom_1543003836186{margin-top: 0px !important;margin-bottom: 0px !important;padding-top: 10px !important;padding-bottom: 40px !important;}&#8220;][vc_column][vc_row_inner css=&#8220;.vc_custom_1543003651066{margin-bottom: 0px !important;padding-bottom: 0px !important;}&#8220;][vc_column_inner width=&#8220;1\/2&#8243;][vc_single_image image=&#8220;2350&#8243; img_size=&#8220;large&#8220; alignment=&#8220;center&#8220; parallax_ratio=&#8220;1.0&#8243; css=&#8220;.vc_custom_1618920896393{padding-bottom: 0px !important;}&#8220;]<div id=\"oabx-1\" style=\"--data-bgcolor:rgba(0,0,0,0.7)\" class=\"ozy-arrow_box arrow-TOP\"><\/p>\n<h4 style=\"text-align: center;\">S\u00e1zava &#8211; r\u00e1j vod\u00e1k\u016f<\/h4>\n<p>\u0158eka S\u00e1zava se rozv\u00e1\u017en\u011b klikat\u00ed st\u0159edo\u010deskou krajinou pol\u00ed, luk a les\u016f. P\u0159ibli\u017en\u011b 120 km dlouh\u00fd \u00fasek st\u0159edn\u00ed a spodn\u00ed S\u00e1zavy nab\u00edz\u00ed vod\u00e1k\u016fm nen\u00e1ro\u010dnou plavbu, zpest\u0159enou ob\u010dasn\u00fdmi jezy nebo m\u00edrn\u00fdmi pe\u0159ejkami. Na b\u0159ez\u00edch \u0159eky je mnoho kr\u00e1sn\u00fdch m\u00edst a pam\u00e1tek. Pro vod\u00e1kyje jsou po cel\u00e9 d\u00e9lce trasy rozm\u00edst\u011bny p\u016fj\u010dovny lod\u00ed a kempy. Jedna z obl\u00edben\u00fdch zast\u00e1vek jsou pr\u00e1v\u011b Samop\u0161e, kter\u00e9 nab\u00edzej\u00ed ob\u010derstven\u00ed v restauraci i ubytov\u00e1n\u00ed v kempu \u010di pokoj\u00edch.<b><\/b><span  id=\"wofcb-2\" class=\"ozy-custom_button_w\"><a id=\"ofcb-2\" style=\"--data-bordercolor:#000000\" class=\"ozy-custom_button ocbtn-1\"  href=\"http:\/\/sport-areal.cz\/index.php\/ubytovani\/\"  target=\"_self\" >UBYTOV\u00c1N\u00cd<\/a><\/span><\/div>[vc_empty_space height=&#8220;30px&#8220;][vc_single_image image=&#8220;2352&#8243; img_size=&#8220;large&#8220; alignment=&#8220;center&#8220; parallax_ratio=&#8220;1.0&#8243;][vc_single_image image=&#8220;2353&#8243; img_size=&#8220;large&#8220; alignment=&#8220;center&#8220; parallax_ratio=&#8220;1.0&#8243;][\/vc_column_inner][vc_column_inner width=&#8220;1\/2&#8243;][vc_single_image image=&#8220;2278&#8243; img_size=&#8220;large&#8220; alignment=&#8220;center&#8220; parallax_ratio=&#8220;1.0&#8243;]<div id=\"oabx-3\" style=\"--data-bgcolor:rgba(0,0,0,0.7)\" class=\"ozy-arrow_box arrow-TOP\"><\/p>\n<h4 style=\"text-align: center;\">Aktivity pro jednotlivce i skupiny<\/h4>\n<p>Na z\u00e1klad\u011b dohody jsme schopni zajistit mo\u017enost vyzkou\u0161et sporty pod veden\u00edm zku\u0161en\u00fdch sportovn\u00edch instruktor\u016f.<br \/>\nVybaven\u00ed a poloha umo\u017e\u0148uje are\u00e1l vyu\u017e\u00edt pro dal\u0161\u00ed outdoorov\u00e9 a teambuildingov\u00e9 aktivity, programy, sout\u011b\u017ee a hry.<\/p>\n<p class=\"text-aktivity\">Ke sportu i z\u00e1bav\u011b m\u016f\u017eete vyu\u017e\u00edt:<\/p>\n<ul>\n<li>na pr\u00e1zdniny p\u0159ipravujeme p\u016fj\u010dovnu \u010dty\u0159kolek<\/li>\n<li>fotbalov\u00e9 h\u0159i\u0161t\u011b<\/li>\n<li>volejbalov\u00e9 kurty h\u0159i\u0161t\u011b<\/li>\n<li>\u0159\u00ed\u010dn\u00ed plov\u00e1rnu<\/li>\n<li>stoln\u00ed tenis<\/li>\n<li>d\u011btsk\u00e1 h\u0159i\u0161t\u011b s prol\u00e9za\u010dkami, houpa\u010dku<\/li>\n<li>p\u016fj\u010dovnu sportovn\u00edho vybaven\u00ed<\/li>\n<li>rafting<\/li>\n<li>k\u00e1noe<\/li>\n<li>pro cyklisty jsou v are\u00e1lu asfaltov\u00e9 chodn\u00edky<\/li>\n<li>ryba\u0159en\u00ed<\/li>\n<li>houba\u0159en\u00ed<\/li>\n<li>v\u00fdlety<\/li>\n<\/ul>\n<p><span  id=\"wofcb-4\" class=\"ozy-custom_button_w\"><a id=\"ofcb-4\" style=\"--data-bordercolor:#000000\" class=\"ozy-custom_button ocbtn-1\"  href=\"http:\/\/sport-areal.cz\/index.php\/ubytovani\/\"  target=\"_self\" >UBYTOV\u00c1N\u00cd<\/a><\/span><\/div>[vc_empty_space height=&#8220;30px&#8220;][vc_single_image image=&#8220;2354&#8243; img_size=&#8220;full&#8220; alignment=&#8220;center&#8220; parallax_ratio=&#8220;1.0&#8243;][\/vc_column_inner][\/vc_row_inner][\/vc_column][\/vc_row]<\/p>\n","protected":false},"excerpt":{"rendered":"<p>[vc_row full_width=&#8220;stretch_row&#8220; content_placement=&#8220;middle&#8220; parallax=&#8220;content-moving&#8220; parallax_image=&#8220;2169&#8243; css=&#8220;.vc_custom_1618699891915{margin-top: 0px !important;margin-bottom: 0px !important;padding-top: 150px !important;padding-bottom: 150px !important;}&#8220;][vc_column][vc_custom_heading text=&#8220;REKREA\u010cN\u00cd A SPORTOVN\u00cd AKTIVITY&#8220; font_container=&#8220;tag:h1|text_align:right|color:%23ffffff&#8220; google_fonts=&#8220;font_family:Playfair%20Display%3Aregular%2Citalic%2C700%2C700italic%2C900%2C900italic|font_style:400%20regular%3A400%3Anormal&#8220;][vc_custom_heading text=&#8220;co v\u0161echno u n\u00e1s m\u016f\u017eete d\u011blat&#8220; font_container=&#8220;tag:h4|text_align:right|color:%23ffffff&#8220; google_fonts=&#8220;font_family:Playfair%20Display%3Aregular%2Citalic%2C700%2C700italic%2C900%2C900italic|font_style:400%20italic%3A400%3Aitalic&#8220;][\/vc_column][\/vc_row][vc_row css=&#8220;.vc_custom_1543003836186{margin-top: 0px [&hellip;]<\/p>\n","protected":false},"author":1,"featured_media":0,"parent":0,"menu_order":0,"comment_status":"closed","ping_status":"closed","template":"page-transparent-menu.php","meta":[],"_links":{"self":[{"href":"http:\/\/sport-areal.cz\/index.php\/wp-json\/wp\/v2\/pages\/1066"}],"collection":[{"href":"http:\/\/sport-areal.cz\/index.php\/wp-json\/wp\/v2\/pages"}],"about":[{"href":"http:\/\/sport-areal.cz\/index.php\/wp-json\/wp\/v2\/types\/page"}],"author":[{"embeddable":true,"href":"http:\/\/sport-areal.cz\/index.php\/wp-json\/wp\/v2\/users\/1"}],"replies":[{"embeddable":true,"href":"http:\/\/sport-areal.cz\/index.php\/wp-json\/wp\/v2\/comments?post=1066"}],"version-history":[{"count":28,"href":"http:\/\/sport-areal.cz\/index.php\/wp-json\/wp\/v2\/pages\/1066\/revisions"}],"predecessor-version":[{"id":2520,"href":"http:\/\/sport-areal.cz\/index.php\/wp-json\/wp\/v2\/pages\/1066\/revisions\/2520"}],"wp:attachment":[{"href":"http:\/\/sport-areal.cz\/index.php\/wp-json\/wp\/v2\/media?parent=1066"}],"curies":[{"name":"wp","href":"https:\/\/api.w.org\/{rel}","templated":true}]}}