{"id":729,"date":"2018-10-03T18:47:43","date_gmt":"2018-10-03T18:47:43","guid":{"rendered":"https:\/\/sunway.freevision.me\/?page_id=729"},"modified":"2022-08-17T11:06:31","modified_gmt":"2022-08-17T09:06:31","slug":"kontakt","status":"publish","type":"page","link":"http:\/\/sport-areal.cz\/index.php\/kontakt\/","title":{"rendered":"KONTAKT"},"content":{"rendered":"<p>[vc_row full_width=&#8220;stretch_row&#8220; full_height=&#8220;yes&#8220; bg_slider=&#8220;kenburns&#8220; hide_this_row=&#8220;mobile&#8220; bg_slider_images=&#8220;2094,2090,2095,2196,2206,2352&#8243; css=&#8220;.vc_custom_1619037230586{margin-top: 0px !important;margin-bottom: 0px !important;padding-top: 100px !important;padding-bottom: 50px !important;}&#8220;][vc_column css=&#8220;.vc_custom_1541421443531{margin-bottom: 0px !important;padding-bottom: 0px !important;}&#8220; offset=&#8220;vc_hidden-sm vc_hidden-xs&#8220;][vc_custom_heading text=&#8220;Kontaktujte n\u00e1s&#8220; font_container=&#8220;tag:h2|text_align:center|color:%23ffffff&#8220; use_theme_fonts=&#8220;yes&#8220;][vc_empty_space height=&#8220;50px&#8220;][vc_row_inner css=&#8220;.vc_custom_1538596728912{margin-bottom: 0px !important;padding-bottom: 0px !important;background-color: #ffffff !important;}&#8220;][vc_column_inner width=&#8220;1\/3&#8243; css=&#8220;.vc_custom_1541421615729{padding-top: 15% !important;padding-left: 15% !important;}&#8220; offset=&#8220;vc_hidden-sm vc_hidden-xs&#8220;]<div id=\"tile-with-icon_icon1\" class=\"title-with-icon-wrapper clear large \" data-color=\"\"  style=\"\">\r\n\t\t\t<div class=\"wpb_content_element title-with-icon clearfix margin-bottom-0 \"><span  style=\"color:#000000 !important;background-color: !important;\" class=\"oic-location-1 clear large \" ><\/span><h5 style=\"color:#000000\">Sport are\u00e1l Samop\u0161e<\/h5>\r\n\t\t\t<\/div><div class=\"wpb_content_element left-cs title-with-icon-content large clearfix\" style=\"color:#000000\"><\/p>\n<p class=\"pane-title\"><span style=\"font-size: 16px;\">Samop\u0161e 29<br \/>\n<\/span>285 07 Samop\u0161e<\/p>\n<div class=\"pane-content\">\n<div class=\"col-md-12\">\n<p>info@sport-areal.cz<br \/>\nwww.sport-areal.cz<\/p>\n<\/div>\n<\/div>\n<p><\/div><\/div>[vc_separator]<div id=\"tile-with-icon_icon2\" class=\"title-with-icon-wrapper clear large \" data-color=\"\"  style=\"\">\r\n\t\t\t<div class=\"wpb_content_element title-with-icon clearfix margin-bottom-0 \"><span  style=\"color:#000000 !important;background-color: !important;\" class=\"oic-email-mail-streamline clear large \" ><\/span><h5 style=\"color:#000000\">Recepce (objedn\u00e1vky, ubytov\u00e1n\u00ed)<\/h5>\r\n\t\t\t<\/div><div class=\"wpb_content_element left-cs title-with-icon-content large clearfix\" style=\"color:#000000\"><\/p>\n<div class=\"pane-content\">\n<div class=\"col-md-12\">\n<p>info@sport-areal.cz<\/p>\n<\/div>\n<div class=\"col-md-6\">\n<p>+420 724 818 057<\/p>\n<\/div>\n<\/div>\n<p><\/div><\/div>[vc_separator]<div id=\"tile-with-icon_icon3\" class=\"title-with-icon-wrapper clear large \" data-color=\"\"  style=\"\">\r\n\t\t\t<div class=\"wpb_content_element title-with-icon clearfix margin-bottom-0 \"><span  style=\"color:#000000 !important;background-color: !important;\" class=\"oic-telephone clear large \" ><\/span><h5 style=\"color:#000000\">Restaurace, catering<\/h5>\r\n\t\t\t<\/div><div class=\"wpb_content_element left-cs title-with-icon-content large clearfix\" style=\"color:#000000\"><\/p>\n<div class=\"pane-content\">\n<p class=\"col-md-6\">info@sport-areal.cz<br \/>\n+420 724 818 057<\/p>\n<\/div>\n<p><\/div><\/div>[\/vc_column_inner][vc_column_inner width=&#8220;2\/3&#8243; css=&#8220;.vc_custom_1619042213940{border-top-width: 5% !important;border-right-width: 5% !important;border-bottom-width: 5% !important;border-left-width: 5% !important;padding-top: 8% !important;padding-right: 10% !important;padding-bottom: 5% !important;padding-left: 10% !important;}&#8220; offset=&#8220;vc_hidden-sm vc_hidden-xs&#8220;]<div role=\"form\" class=\"wpcf7\" id=\"wpcf7-f14-o1\" lang=\"cs-CZ\" dir=\"ltr\">\n<div class=\"screen-reader-response\"><p role=\"status\" aria-live=\"polite\" aria-atomic=\"true\"><\/p> <ul><\/ul><\/div>\n<form action=\"\/index.php\/wp-json\/wp\/v2\/pages\/729#wpcf7-f14-o1\" method=\"post\" class=\"wpcf7-form init\" novalidate=\"novalidate\" data-status=\"init\">\n<div style=\"display: none;\">\n<input type=\"hidden\" name=\"_wpcf7\" value=\"14\" \/>\n<input type=\"hidden\" name=\"_wpcf7_version\" value=\"5.6\" \/>\n<input type=\"hidden\" name=\"_wpcf7_locale\" value=\"cs_CZ\" \/>\n<input type=\"hidden\" name=\"_wpcf7_unit_tag\" value=\"wpcf7-f14-o1\" \/>\n<input type=\"hidden\" name=\"_wpcf7_container_post\" value=\"0\" \/>\n<input type=\"hidden\" name=\"_wpcf7_posted_data_hash\" value=\"\" \/>\n<input type=\"hidden\" name=\"_wpcf7_recaptcha_response\" value=\"\" \/>\n<\/div>\n<p><label> Va\u0161e jm\u00e9no<br \/>\n    <span class=\"wpcf7-form-control-wrap\" data-name=\"your-name\"><input type=\"text\" name=\"your-name\" value=\"\" size=\"40\" class=\"wpcf7-form-control wpcf7-text wpcf7-validates-as-required\" aria-required=\"true\" aria-invalid=\"false\" \/><\/span> <\/label><\/p>\n<p><label> V\u00e1\u0161 email<br \/>\n    <span class=\"wpcf7-form-control-wrap\" data-name=\"your-email\"><input type=\"email\" name=\"your-email\" value=\"\" size=\"40\" class=\"wpcf7-form-control wpcf7-text wpcf7-email wpcf7-validates-as-required wpcf7-validates-as-email\" aria-required=\"true\" aria-invalid=\"false\" \/><\/span> <\/label><\/p>\n<p><label> P\u0159edm\u011bt<br \/>\n    <span class=\"wpcf7-form-control-wrap\" data-name=\"your-subject\"><input type=\"text\" name=\"your-subject\" value=\"\" size=\"40\" class=\"wpcf7-form-control wpcf7-text wpcf7-validates-as-required\" aria-required=\"true\" aria-invalid=\"false\" \/><\/span> <\/label><\/p>\n<p><label> Va\u0161e zpr\u00e1va (voliteln\u011b)<br \/>\n    <span class=\"wpcf7-form-control-wrap\" data-name=\"your-message\"><textarea name=\"your-message\" cols=\"40\" rows=\"10\" class=\"wpcf7-form-control wpcf7-textarea\" aria-invalid=\"false\"><\/textarea><\/span> <\/label><\/p>\n<p><input type=\"submit\" value=\"Odeslat\" class=\"wpcf7-form-control has-spinner wpcf7-submit\" \/><\/p>\n<div class=\"wpcf7-response-output\" aria-hidden=\"true\"><\/div><\/form><\/div>[\/vc_column_inner][\/vc_row_inner][\/vc_column][\/vc_row][vc_row full_width=&#8220;stretch_row_content&#8220; content_placement=&#8220;middle&#8220;][vc_column width=&#8220;1\/6&#8243;][\/vc_column][vc_column width=&#8220;2\/3&#8243;][vc_column_text]<iframe loading=\"lazy\" style=\"border: none;\" src=\"https:\/\/frame.mapy.cz\/s\/jakalofeja\" width=\"1024\" height=\"600\" frameborder=\"0\"><\/iframe>[\/vc_column_text][\/vc_column][vc_column width=&#8220;1\/6&#8243;][\/vc_column][\/vc_row][vc_row full_width=&#8220;stretch_row&#8220; fading_background_color=&#8220;on&#8220; fade_color_1=&#8220;#ffffff&#8220; fade_color_2=&#8220;#222222&#8243; css=&#8220;.vc_custom_1538599745371{margin-top: 0px !important;margin-bottom: 0px !important;padding-top: 100px !important;padding-bottom: 100px !important;}&#8220;][vc_column][vc_custom_heading text=&#8220;Jak se k n\u00e1m dostanete?&#8220; font_container=&#8220;tag:h2|text_align:center&#8220; use_theme_fonts=&#8220;yes&#8220;]\n<div id=\"ofd-4\" class=\"ozy-floral-divider ornament_4 align-center \">\n<svg viewBox=\"0 0 113.39 12.37\"><use xlink:href=\"http:\/\/sport-areal.cz\/wp-content\/plugins\/ozy-sunway-essentials\/images\/ornament_divider4.svg#ornament_divider4\"><\/use><\/svg><\/div>[vc_empty_space height=&#8220;50px&#8220;][vc_row_inner][vc_column_inner width=&#8220;1\/2&#8243;][vc_custom_heading text=&#8220;\u2014 Vlakem, autobusem&#8220; font_container=&#8220;tag:h5|text_align:left&#8220; use_theme_fonts=&#8220;yes&#8220; css_animation=&#8220;none&#8220; css=&#8220;.vc_custom_1619039565572{margin-bottom: 15px !important;}&#8220;][vc_custom_heading text=&#8220;Vlakem z Prahy, Kol\u00edna, Havl\u00ed\u010dkova Brodu&#8220; font_container=&#8220;tag:p|text_align:left&#8220; use_theme_fonts=&#8220;yes&#8220; css_animation=&#8220;none&#8220;][\/vc_column_inner][vc_column_inner width=&#8220;1\/2&#8243;][vc_custom_heading text=&#8220;\u2014 Autem&#8220; font_container=&#8220;tag:h5|text_align:left&#8220; use_theme_fonts=&#8220;yes&#8220; css_animation=&#8220;none&#8220; css=&#8220;.vc_custom_1619039575588{margin-bottom: 15px !important;}&#8220;][vc_custom_heading text=&#8220;Po d\u00e1lnici D1<\/p>\n<p>Sje\u010fte na v\u00fdjezdu 34 sm\u011brem na d\u00e1lnici D1 a pokra\u010dujte 10,0 km<\/p>\n<p>V S\u00e1zav\u011b odbo\u010dte vlevo na most sm\u011brem ke Kl\u00e1\u0161teru a pokra\u010dujte asi 2,35km<\/p>\n<p>Odbo\u010dte vpravo sm\u011brem na silnici III.t\u0159\u00eddy 3354 a pokra\u010dujte 4,1 km<\/p>\n<p>V obci Talmberk odbo\u010dte vpravo sm\u011brem na silnici III.t\u0159\u00eddy 3354 a pokra\u010dujte 1,8 km<\/p>\n<p>Na lesn\u00ed k\u0159i\u017eovatce odbo\u010dte vpravo na Samop\u0161e na silnici III.t\u0159\u00eddy 3355 a pokra\u010dujte 3,1 km<\/p>\n<p>Na konci obce Samop\u0161e odbo\u010dte vlevo na \u00fazkou cestu a pokra\u010dujte 336 m<\/p>\n<p>Odbo\u010dte vlevo sm\u011brem na \u00fazkou cestu a pokra\u010dujte 1,3 km<\/p>\n<p>Vje\u010fte do are\u00e1lu a zaparkujte p\u0159ed restaurac\u00ed&#8220; font_container=&#8220;tag:p|text_align:left&#8220; use_theme_fonts=&#8220;yes&#8220; css_animation=&#8220;none&#8220;][\/vc_column_inner][\/vc_row_inner][\/vc_column][\/vc_row]<\/p>\n","protected":false},"excerpt":{"rendered":"<p>[vc_row full_width=&#8220;stretch_row&#8220; full_height=&#8220;yes&#8220; bg_slider=&#8220;kenburns&#8220; hide_this_row=&#8220;mobile&#8220; bg_slider_images=&#8220;2094,2090,2095,2196,2206,2352&#8243; css=&#8220;.vc_custom_1619037230586{margin-top: 0px !important;margin-bottom: 0px !important;padding-top: 100px !important;padding-bottom: 50px !important;}&#8220;][vc_column css=&#8220;.vc_custom_1541421443531{margin-bottom: 0px !important;padding-bottom: 0px !important;}&#8220; offset=&#8220;vc_hidden-sm vc_hidden-xs&#8220;][vc_custom_heading text=&#8220;Kontaktujte n\u00e1s&#8220; font_container=&#8220;tag:h2|text_align:center|color:%23ffffff&#8220; use_theme_fonts=&#8220;yes&#8220;][vc_empty_space height=&#8220;50px&#8220;][vc_row_inner css=&#8220;.vc_custom_1538596728912{margin-bottom: 0px !important;padding-bottom: [&hellip;]<\/p>\n","protected":false},"author":1,"featured_media":0,"parent":0,"menu_order":0,"comment_status":"closed","ping_status":"closed","template":"page-transparent-menu.php","meta":[],"_links":{"self":[{"href":"http:\/\/sport-areal.cz\/index.php\/wp-json\/wp\/v2\/pages\/729"}],"collection":[{"href":"http:\/\/sport-areal.cz\/index.php\/wp-json\/wp\/v2\/pages"}],"about":[{"href":"http:\/\/sport-areal.cz\/index.php\/wp-json\/wp\/v2\/types\/page"}],"author":[{"embeddable":true,"href":"http:\/\/sport-areal.cz\/index.php\/wp-json\/wp\/v2\/users\/1"}],"replies":[{"embeddable":true,"href":"http:\/\/sport-areal.cz\/index.php\/wp-json\/wp\/v2\/comments?post=729"}],"version-history":[{"count":35,"href":"http:\/\/sport-areal.cz\/index.php\/wp-json\/wp\/v2\/pages\/729\/revisions"}],"predecessor-version":[{"id":2525,"href":"http:\/\/sport-areal.cz\/index.php\/wp-json\/wp\/v2\/pages\/729\/revisions\/2525"}],"wp:attachment":[{"href":"http:\/\/sport-areal.cz\/index.php\/wp-json\/wp\/v2\/media?parent=729"}],"curies":[{"name":"wp","href":"https:\/\/api.w.org\/{rel}","templated":true}]}}