{"id":1085,"date":"2018-10-11T18:12:11","date_gmt":"2018-10-11T18:12:11","guid":{"rendered":"https:\/\/sunway.freevision.me\/?page_id=1085"},"modified":"2021-07-09T12:21:44","modified_gmt":"2021-07-09T10:21:44","slug":"fotky","status":"publish","type":"page","link":"https:\/\/sport-areal.cz\/index.php\/fotky\/","title":{"rendered":"FOTKY"},"content":{"rendered":"<p>[vc_row css=&#8220;.vc_custom_1539281504374{margin-top: 0px !important;margin-bottom: 0px !important;padding-top: 60px !important;padding-bottom: 60px !important;}&#8220;][vc_column][vc_custom_heading text=&#8220;Fotogalerie&#8220; font_container=&#8220;tag:h1|text_align:center&#8220; use_theme_fonts=&#8220;yes&#8220;][vc_custom_heading text=&#8220;Prohl\u00e9dn\u011bte si n\u00e1\u0161 are\u00e1l&#8220; font_container=&#8220;tag:p|text_align:center&#8220; use_theme_fonts=&#8220;yes&#8220;][\/vc_column][\/vc_row][vc_row full_width=&#8220;stretch_row_content&#8220; css=&#8220;.vc_custom_1543003480752{margin-bottom: 0px !important;padding-bottom: 40px !important;}&#8220;][vc_column]<ul class=\"ozy-mosaic_gallery \" id=\"mosaic-gallery-1\"><div class=\"grid-sizer\"><\/div><div class=\"gutter-sizer\"><\/div><li class=\"gallery-item\"><a href=\"https:\/\/sport-areal.cz\/wp-content\/uploads\/2021\/04\/20170526_114719-scaled.jpg\"><img src=\"https:\/\/sport-areal.cz\/wp-content\/uploads\/2021\/04\/20170526_114719-768x1024.jpg\" alt=\"\"\/><span><\/span><\/a><\/li><li class=\"gallery-item\"><a href=\"https:\/\/sport-areal.cz\/wp-content\/uploads\/2021\/04\/20170617_080212-scaled.jpg\"><img src=\"https:\/\/sport-areal.cz\/wp-content\/uploads\/2021\/04\/20170617_080212-768x1024.jpg\" alt=\"\"\/><span><\/span><\/a><\/li><li class=\"gallery-item\"><a href=\"https:\/\/sport-areal.cz\/wp-content\/uploads\/2021\/04\/20170617_121946-scaled.jpg\"><img src=\"https:\/\/sport-areal.cz\/wp-content\/uploads\/2021\/04\/20170617_121946-768x1024.jpg\" alt=\"\"\/><span><\/span><\/a><\/li><li class=\"gallery-item\"><a href=\"https:\/\/sport-areal.cz\/wp-content\/uploads\/2021\/04\/20170617_122014-scaled.jpg\"><img src=\"https:\/\/sport-areal.cz\/wp-content\/uploads\/2021\/04\/20170617_122014-1024x768.jpg\" alt=\"\"\/><span><\/span><\/a><\/li><li class=\"gallery-item\"><a href=\"https:\/\/sport-areal.cz\/wp-content\/uploads\/2021\/04\/20170617_122209-scaled.jpg\"><img src=\"https:\/\/sport-areal.cz\/wp-content\/uploads\/2021\/04\/20170617_122209-1024x768.jpg\" alt=\"\"\/><span><\/span><\/a><\/li><li class=\"gallery-item\"><a href=\"https:\/\/sport-areal.cz\/wp-content\/uploads\/2021\/04\/20170617_122330-scaled.jpg\"><img src=\"https:\/\/sport-areal.cz\/wp-content\/uploads\/2021\/04\/20170617_122330-1024x768.jpg\" alt=\"\"\/><span><\/span><\/a><\/li><li class=\"gallery-item\"><a href=\"https:\/\/sport-areal.cz\/wp-content\/uploads\/2021\/04\/20180412_151112-scaled.jpg\"><img src=\"https:\/\/sport-areal.cz\/wp-content\/uploads\/2021\/04\/20180412_151112-576x1024.jpg\" alt=\"\"\/><span><\/span><\/a><\/li><li class=\"gallery-item\"><a href=\"https:\/\/sport-areal.cz\/wp-content\/uploads\/2021\/04\/20180504_152821-scaled.jpg\"><img src=\"https:\/\/sport-areal.cz\/wp-content\/uploads\/2021\/04\/20180504_152821-1024x576.jpg\" alt=\"\"\/><span><\/span><\/a><\/li><li class=\"gallery-item\"><a href=\"https:\/\/sport-areal.cz\/wp-content\/uploads\/2021\/04\/20180504_152851-scaled.jpg\"><img src=\"https:\/\/sport-areal.cz\/wp-content\/uploads\/2021\/04\/20180504_152851-1024x576.jpg\" alt=\"\"\/><span><\/span><\/a><\/li><li class=\"gallery-item\"><a href=\"https:\/\/sport-areal.cz\/wp-content\/uploads\/2021\/04\/20190625_092717-scaled.jpg\"><img src=\"https:\/\/sport-areal.cz\/wp-content\/uploads\/2021\/04\/20190625_092717-1024x768.jpg\" alt=\"\"\/><span><\/span><\/a><\/li><li class=\"gallery-item\"><a href=\"https:\/\/sport-areal.cz\/wp-content\/uploads\/2021\/04\/20190720_171333-scaled.jpg\"><img src=\"https:\/\/sport-areal.cz\/wp-content\/uploads\/2021\/04\/20190720_171333-768x1024.jpg\" alt=\"\"\/><span><\/span><\/a><\/li><li class=\"gallery-item\"><a href=\"https:\/\/sport-areal.cz\/wp-content\/uploads\/2021\/04\/12092012496-scaled.jpg\"><img src=\"https:\/\/sport-areal.cz\/wp-content\/uploads\/2021\/04\/12092012496-1024x575.jpg\" alt=\"\"\/><span><\/span><\/a><\/li><li class=\"gallery-item\"><a href=\"https:\/\/sport-areal.cz\/wp-content\/uploads\/2021\/04\/20072012469-scaled.jpg\"><img src=\"https:\/\/sport-areal.cz\/wp-content\/uploads\/2021\/04\/20072012469-1024x575.jpg\" alt=\"\"\/><span><\/span><\/a><\/li><li class=\"gallery-item\"><a href=\"https:\/\/sport-areal.cz\/wp-content\/uploads\/2021\/04\/20072012479-scaled.jpg\"><img src=\"https:\/\/sport-areal.cz\/wp-content\/uploads\/2021\/04\/20072012479-1024x575.jpg\" alt=\"\"\/><span><\/span><\/a><\/li><li class=\"gallery-item\"><a href=\"https:\/\/sport-areal.cz\/wp-content\/uploads\/2021\/04\/Budova-ext-1.jpg\"><img src=\"https:\/\/sport-areal.cz\/wp-content\/uploads\/2021\/04\/Budova-ext-1.jpg\" alt=\"\"\/><span><\/span><\/a><\/li><li class=\"gallery-item\"><a href=\"https:\/\/sport-areal.cz\/wp-content\/uploads\/2021\/04\/Budova.bmp\"><img src=\"https:\/\/sport-areal.cz\/wp-content\/uploads\/2021\/04\/Budova.bmp\" alt=\"\"\/><span><\/span><\/a><\/li><li class=\"gallery-item\"><a href=\"https:\/\/sport-areal.cz\/wp-content\/uploads\/2021\/04\/cesta.jpg\"><img src=\"https:\/\/sport-areal.cz\/wp-content\/uploads\/2021\/04\/cesta.jpg\" alt=\"\"\/><span><\/span><\/a><\/li><li class=\"gallery-item\"><a href=\"https:\/\/sport-areal.cz\/wp-content\/uploads\/2021\/04\/ext.jpg\"><img src=\"https:\/\/sport-areal.cz\/wp-content\/uploads\/2021\/04\/ext.jpg\" alt=\"\"\/><span><\/span><\/a><\/li><li class=\"gallery-item\"><a href=\"https:\/\/sport-areal.cz\/wp-content\/uploads\/2021\/04\/ext2.jpg\"><img src=\"https:\/\/sport-areal.cz\/wp-content\/uploads\/2021\/04\/ext2.jpg\" alt=\"\"\/><span><\/span><\/a><\/li><li class=\"gallery-item\"><a href=\"https:\/\/sport-areal.cz\/wp-content\/uploads\/2021\/04\/ext3.jpg\"><img src=\"https:\/\/sport-areal.cz\/wp-content\/uploads\/2021\/04\/ext3.jpg\" alt=\"\"\/><span><\/span><\/a><\/li><li class=\"gallery-item\"><a href=\"https:\/\/sport-areal.cz\/wp-content\/uploads\/2021\/04\/ext4.jpg\"><img src=\"https:\/\/sport-areal.cz\/wp-content\/uploads\/2021\/04\/ext4.jpg\" alt=\"\"\/><span><\/span><\/a><\/li><li class=\"gallery-item\"><a href=\"https:\/\/sport-areal.cz\/wp-content\/uploads\/2021\/04\/ext5.jpg\"><img src=\"https:\/\/sport-areal.cz\/wp-content\/uploads\/2021\/04\/ext5.jpg\" alt=\"\"\/><span><\/span><\/a><\/li><li class=\"gallery-item\"><a href=\"https:\/\/sport-areal.cz\/wp-content\/uploads\/2021\/04\/hostina.bmp\"><img src=\"https:\/\/sport-areal.cz\/wp-content\/uploads\/2021\/04\/hostina.bmp\" alt=\"\"\/><span><\/span><\/a><\/li><li class=\"gallery-item\"><a href=\"https:\/\/sport-areal.cz\/wp-content\/uploads\/2021\/04\/images-1.jpg\"><img src=\"https:\/\/sport-areal.cz\/wp-content\/uploads\/2021\/04\/images-1.jpg\" alt=\"\"\/><span><\/span><\/a><\/li><li class=\"gallery-item\"><a href=\"https:\/\/sport-areal.cz\/wp-content\/uploads\/2021\/04\/images-7.jpg\"><img src=\"https:\/\/sport-areal.cz\/wp-content\/uploads\/2021\/04\/images-7.jpg\" alt=\"\"\/><span><\/span><\/a><\/li><li class=\"gallery-item\"><a href=\"https:\/\/sport-areal.cz\/wp-content\/uploads\/2021\/04\/images-8.jpg\"><img src=\"https:\/\/sport-areal.cz\/wp-content\/uploads\/2021\/04\/images-8.jpg\" alt=\"\"\/><span><\/span><\/a><\/li><li class=\"gallery-item\"><a href=\"https:\/\/sport-areal.cz\/wp-content\/uploads\/2021\/04\/images-9.jpg\"><img src=\"https:\/\/sport-areal.cz\/wp-content\/uploads\/2021\/04\/images-9.jpg\" alt=\"\"\/><span><\/span><\/a><\/li><li class=\"gallery-item\"><a href=\"https:\/\/sport-areal.cz\/wp-content\/uploads\/2021\/04\/images.jpg\"><img src=\"https:\/\/sport-areal.cz\/wp-content\/uploads\/2021\/04\/images.jpg\" alt=\"\"\/><span><\/span><\/a><\/li><li class=\"gallery-item\"><a href=\"https:\/\/sport-areal.cz\/wp-content\/uploads\/2021\/04\/IMG_0117-scaled.jpg\"><img src=\"https:\/\/sport-areal.cz\/wp-content\/uploads\/2021\/04\/IMG_0117-1024x576.jpg\" alt=\"\"\/><span><\/span><\/a><\/li><li class=\"gallery-item\"><a href=\"https:\/\/sport-areal.cz\/wp-content\/uploads\/2021\/04\/IMG_0180-scaled.jpg\"><img src=\"https:\/\/sport-areal.cz\/wp-content\/uploads\/2021\/04\/IMG_0180-1024x576.jpg\" alt=\"\"\/><span><\/span><\/a><\/li><li class=\"gallery-item\"><a href=\"https:\/\/sport-areal.cz\/wp-content\/uploads\/2021\/04\/IMG_0197-scaled.jpg\"><img src=\"https:\/\/sport-areal.cz\/wp-content\/uploads\/2021\/04\/IMG_0197-1024x576.jpg\" alt=\"\"\/><span><\/span><\/a><\/li><li class=\"gallery-item\"><a href=\"https:\/\/sport-areal.cz\/wp-content\/uploads\/2021\/04\/IMG_0209-scaled.jpg\"><img src=\"https:\/\/sport-areal.cz\/wp-content\/uploads\/2021\/04\/IMG_0209-1024x576.jpg\" alt=\"\"\/><span><\/span><\/a><\/li><li class=\"gallery-item\"><a href=\"https:\/\/sport-areal.cz\/wp-content\/uploads\/2021\/04\/IMG_0214-scaled.jpg\"><img src=\"https:\/\/sport-areal.cz\/wp-content\/uploads\/2021\/04\/IMG_0214-1024x576.jpg\" alt=\"\"\/><span><\/span><\/a><\/li><li class=\"gallery-item\"><a href=\"https:\/\/sport-areal.cz\/wp-content\/uploads\/2021\/04\/IMG_0460-scaled.jpg\"><img src=\"https:\/\/sport-areal.cz\/wp-content\/uploads\/2021\/04\/IMG_0460-1024x576.jpg\" alt=\"\"\/><span><\/span><\/a><\/li><li class=\"gallery-item\"><a href=\"https:\/\/sport-areal.cz\/wp-content\/uploads\/2021\/04\/IMG_0462-scaled.jpg\"><img src=\"https:\/\/sport-areal.cz\/wp-content\/uploads\/2021\/04\/IMG_0462-1024x576.jpg\" alt=\"\"\/><span><\/span><\/a><\/li><li class=\"gallery-item\"><a href=\"https:\/\/sport-areal.cz\/wp-content\/uploads\/2021\/04\/IMG_5082-scaled.jpg\"><img src=\"https:\/\/sport-areal.cz\/wp-content\/uploads\/2021\/04\/IMG_5082-1024x683.jpg\" alt=\"\"\/><span><\/span><\/a><\/li><li class=\"gallery-item\"><a href=\"https:\/\/sport-areal.cz\/wp-content\/uploads\/2021\/04\/jidelna.jpg\"><img src=\"https:\/\/sport-areal.cz\/wp-content\/uploads\/2021\/04\/jidelna.jpg\" alt=\"\"\/><span><\/span><\/a><\/li><li class=\"gallery-item\"><a href=\"https:\/\/sport-areal.cz\/wp-content\/uploads\/2021\/04\/jidelna2.png\"><img src=\"https:\/\/sport-areal.cz\/wp-content\/uploads\/2021\/04\/jidelna2.png\" alt=\"\"\/><span><\/span><\/a><\/li><li class=\"gallery-item\"><a href=\"https:\/\/sport-areal.cz\/wp-content\/uploads\/2021\/04\/jidelna3.jpg\"><img src=\"https:\/\/sport-areal.cz\/wp-content\/uploads\/2021\/04\/jidelna3.jpg\" alt=\"\"\/><span><\/span><\/a><\/li><li class=\"gallery-item\"><a href=\"https:\/\/sport-areal.cz\/wp-content\/uploads\/2021\/04\/letecky.jpg\"><img src=\"https:\/\/sport-areal.cz\/wp-content\/uploads\/2021\/04\/letecky.jpg\" alt=\"?????????????????????\"\/><span>?????????????????????<\/span><\/a><\/li><li class=\"gallery-item\"><a href=\"https:\/\/sport-areal.cz\/wp-content\/uploads\/2021\/04\/Vyhlidka-022-scaled.jpg\"><img src=\"https:\/\/sport-areal.cz\/wp-content\/uploads\/2021\/04\/Vyhlidka-022-1024x768.jpg\" alt=\"\"\/><span><\/span><\/a><\/li><li class=\"gallery-item\"><a href=\"https:\/\/sport-areal.cz\/wp-content\/uploads\/2021\/04\/mapa-s-popisky.png\"><img src=\"https:\/\/sport-areal.cz\/wp-content\/uploads\/2021\/04\/mapa-s-popisky.png\" alt=\"\"\/><span><\/span><\/a><\/li><li class=\"gallery-item\"><a href=\"https:\/\/sport-areal.cz\/wp-content\/uploads\/2021\/04\/molo.jpg\"><img src=\"https:\/\/sport-areal.cz\/wp-content\/uploads\/2021\/04\/molo.jpg\" alt=\"\"\/><span><\/span><\/a><\/li><li class=\"gallery-item\"><a href=\"https:\/\/sport-areal.cz\/wp-content\/uploads\/2021\/04\/palandy.jpg\"><img src=\"https:\/\/sport-areal.cz\/wp-content\/uploads\/2021\/04\/palandy.jpg\" alt=\"\"\/><span><\/span><\/a><\/li><li class=\"gallery-item\"><a href=\"https:\/\/sport-areal.cz\/wp-content\/uploads\/2021\/04\/pokoj-2.jpg\"><img src=\"https:\/\/sport-areal.cz\/wp-content\/uploads\/2021\/04\/pokoj-2.jpg\" alt=\"\"\/><span><\/span><\/a><\/li><li class=\"gallery-item\"><a href=\"https:\/\/sport-areal.cz\/wp-content\/uploads\/2021\/04\/pokoj.jpg\"><img src=\"https:\/\/sport-areal.cz\/wp-content\/uploads\/2021\/04\/pokoj.jpg\" alt=\"\"\/><span><\/span><\/a><\/li><li class=\"gallery-item\"><a href=\"https:\/\/sport-areal.cz\/wp-content\/uploads\/2021\/04\/pokoj3.jpg\"><img src=\"https:\/\/sport-areal.cz\/wp-content\/uploads\/2021\/04\/pokoj3.jpg\" alt=\"\"\/><span><\/span><\/a><\/li><li class=\"gallery-item\"><a href=\"https:\/\/sport-areal.cz\/wp-content\/uploads\/2021\/04\/restaurace.jpg\"><img src=\"https:\/\/sport-areal.cz\/wp-content\/uploads\/2021\/04\/restaurace.jpg\" alt=\"\"\/><span><\/span><\/a><\/li><li class=\"gallery-item\"><a href=\"https:\/\/sport-areal.cz\/wp-content\/uploads\/2021\/04\/samopse-letecky.jpg\"><img src=\"https:\/\/sport-areal.cz\/wp-content\/uploads\/2021\/04\/samopse-letecky-1024x809.jpg\" alt=\"\"\/><span><\/span><\/a><\/li><li class=\"gallery-item\"><a href=\"https:\/\/sport-areal.cz\/wp-content\/uploads\/2021\/04\/soc.jpg\"><img src=\"https:\/\/sport-areal.cz\/wp-content\/uploads\/2021\/04\/soc.jpg\" alt=\"\"\/><span><\/span><\/a><\/li><li class=\"gallery-item\"><a href=\"https:\/\/sport-areal.cz\/wp-content\/uploads\/2021\/04\/spol.mistnost.jpg\"><img src=\"https:\/\/sport-areal.cz\/wp-content\/uploads\/2021\/04\/spol.mistnost.jpg\" alt=\"\"\/><span><\/span><\/a><\/li><li class=\"gallery-item\"><a href=\"https:\/\/sport-areal.cz\/wp-content\/uploads\/2021\/04\/spol.mistnost2.jpg\"><img src=\"https:\/\/sport-areal.cz\/wp-content\/uploads\/2021\/04\/spol.mistnost2.jpg\" alt=\"\"\/><span><\/span><\/a><\/li><li class=\"gallery-item\"><a href=\"https:\/\/sport-areal.cz\/wp-content\/uploads\/2021\/04\/sprchy.jpg\"><img src=\"https:\/\/sport-areal.cz\/wp-content\/uploads\/2021\/04\/sprchy.jpg\" alt=\"\"\/><span><\/span><\/a><\/li><li class=\"gallery-item\"><a href=\"https:\/\/sport-areal.cz\/wp-content\/uploads\/2021\/04\/voleyball.jpg\"><img src=\"https:\/\/sport-areal.cz\/wp-content\/uploads\/2021\/04\/voleyball.jpg\" alt=\"\"\/><span><\/span><\/a><\/li><\/ul>[\/vc_column][\/vc_row]<\/p>\n","protected":false},"excerpt":{"rendered":"<p>[vc_row css=&#8220;.vc_custom_1539281504374{margin-top: 0px !important;margin-bottom: 0px !important;padding-top: 60px !important;padding-bottom: 60px !important;}&#8220;][vc_column][vc_custom_heading text=&#8220;Fotogalerie&#8220; font_container=&#8220;tag:h1|text_align:center&#8220; use_theme_fonts=&#8220;yes&#8220;][vc_custom_heading text=&#8220;Prohl\u00e9dn\u011bte si n\u00e1\u0161 are\u00e1l&#8220; font_container=&#8220;tag:p|text_align:center&#8220; use_theme_fonts=&#8220;yes&#8220;][\/vc_column][\/vc_row][vc_row full_width=&#8220;stretch_row_content&#8220; css=&#8220;.vc_custom_1543003480752{margin-bottom: 0px !important;padding-bottom: 40px !important;}&#8220;][vc_column][\/vc_column][\/vc_row]<\/p>\n","protected":false},"author":1,"featured_media":0,"parent":0,"menu_order":0,"comment_status":"closed","ping_status":"closed","template":"","meta":[],"_links":{"self":[{"href":"https:\/\/sport-areal.cz\/index.php\/wp-json\/wp\/v2\/pages\/1085"}],"collection":[{"href":"https:\/\/sport-areal.cz\/index.php\/wp-json\/wp\/v2\/pages"}],"about":[{"href":"https:\/\/sport-areal.cz\/index.php\/wp-json\/wp\/v2\/types\/page"}],"author":[{"embeddable":true,"href":"https:\/\/sport-areal.cz\/index.php\/wp-json\/wp\/v2\/users\/1"}],"replies":[{"embeddable":true,"href":"https:\/\/sport-areal.cz\/index.php\/wp-json\/wp\/v2\/comments?post=1085"}],"version-history":[{"count":5,"href":"https:\/\/sport-areal.cz\/index.php\/wp-json\/wp\/v2\/pages\/1085\/revisions"}],"predecessor-version":[{"id":2514,"href":"https:\/\/sport-areal.cz\/index.php\/wp-json\/wp\/v2\/pages\/1085\/revisions\/2514"}],"wp:attachment":[{"href":"https:\/\/sport-areal.cz\/index.php\/wp-json\/wp\/v2\/media?parent=1085"}],"curies":[{"name":"wp","href":"https:\/\/api.w.org\/{rel}","templated":true}]}}