{"id":15,"date":"2018-09-03T19:11:29","date_gmt":"2018-09-03T19:11:29","guid":{"rendered":"https:\/\/sunway.freevision.me\/?page_id=15"},"modified":"2021-07-09T12:19:31","modified_gmt":"2021-07-09T10:19:31","slug":"ixdex01","status":"publish","type":"page","link":"https:\/\/sport-areal.cz\/","title":{"rendered":"FrontPage 01"},"content":{"rendered":"<p>[vc_row full_width=&#8220;stretch_row_content_no_spaces&#8220; full_height=&#8220;yes&#8220; hue=&#8220;#ff0000&#8243;][vc_column]<div id=\"top-banner-background-1\" class=\"shortcode-mode\"><div class=\"hero-background-slider\"><div style=\"background:url(https:\/\/sport-areal.cz\/wp-content\/uploads\/2018\/10\/dominic-sansotta-4VLaXg5ETdg-unsplash.jpg)\" data-title=\"UBYTOV\u00c1N\u00cd\" data-subtitle=\"UBYTUJTE SE V NA\u0160ICH DVOU A\u017d P\u011aTIL\u016e\u017dKOV\u00ddCH POKOJ\u00cdCH NEBO VE STANECH\" data-link=\"http:\/\/sport-areal.cz\/index.php\/ubytovani\/\" data-linktitle=\"UBYTUJTE SE\" data-fgcolor=\"#ffffff\"><div class=\"div_link\"><span  id=\"wofcb-2\" class=\"ozy-custom_button_w\"><a id=\"ofcb-2\" style=\"--data-bordercolor:#000000\" class=\"ozy-custom_button ocbtn-12\"  href=\"http:\/\/sport-areal.cz\/index.php\/ubytovani\/\"  target=\"_self\" >UBYTUJTE SE<\/a><\/span><\/div><\/div><\/div><div class=\"hero-background-slider\"><div style=\"background:url(https:\/\/sport-areal.cz\/wp-content\/uploads\/2021\/04\/brooke-lark-IDTEXXXfS44-unsplash2.jpg)\" data-title=\"RESTAURACE\" data-subtitle=\"NA\u0160E RESTAURACE JE P\u0158IPRAVENA NAB\u00cdDNOUT V\u00c1M J\u00cdDLA PO CEL\u00dd DEN\" data-link=\"http:\/\/sport-areal.cz\/index.php\/restaurace\/\" data-linktitle=\"RESTAURACE\" data-fgcolor=\"#000000\"><div class=\"div_link\"><span  id=\"wofcb-3\" class=\"ozy-custom_button_w\"><a id=\"ofcb-3\" style=\"--data-bordercolor:#000000\" class=\"ozy-custom_button ocbtn-12\"  href=\"http:\/\/sport-areal.cz\/index.php\/restaurace\/\"  target=\"_self\" >RESTAURACE<\/a><\/span><\/div><\/div><\/div><div class=\"hero-background-slider\"><div style=\"background:url(https:\/\/sport-areal.cz\/wp-content\/uploads\/2021\/04\/filip-mroz-zK049OFP4uI-unsplash2.jpg)\" data-title=\"Vod\u00e1ck\u00fd r\u00e1j\" data-subtitle=\"Objevte u\u017easn\u00fd pocit p\u0159i plavb\u011b po \u0159ece S\u00e1zav\u011b\" data-link=\"http:\/\/sport-areal.cz\/index.php\/aktivity\/\" data-linktitle=\"AKTIVITY\" data-fgcolor=\"#ffffff\"><div class=\"div_link\"><span  id=\"wofcb-4\" class=\"ozy-custom_button_w\"><a id=\"ofcb-4\" style=\"--data-bordercolor:#000000\" class=\"ozy-custom_button ocbtn-12\"  href=\"http:\/\/sport-areal.cz\/index.php\/aktivity\/\"  target=\"_self\" >AKTIVITY<\/a><\/span><\/div><\/div><\/div><div class=\"hero-background-slider\"><div style=\"background:url(https:\/\/sport-areal.cz\/wp-content\/uploads\/2021\/04\/petr-ovralov-jNpttMRlb_Y-unsplash2.jpg)\" data-title=\"SVATBY\" data-subtitle=\"PRO\u017dIJTE TENTO V\u00ddJIME\u010cN\u00dd DEN V BL\u00cdZKOSTI P\u0158\u00cdRODY\" data-link=\"http:\/\/sport-areal.cz\/index.php\/svatby\/\" data-linktitle=\"SVATBY\" data-fgcolor=\"#ffffff\"><div class=\"div_link\"><span  id=\"wofcb-5\" class=\"ozy-custom_button_w\"><a id=\"ofcb-5\" style=\"--data-bordercolor:#000000\" class=\"ozy-custom_button ocbtn-12\"  href=\"http:\/\/sport-areal.cz\/index.php\/svatby\/\"  target=\"_self\" >SVATBY<\/a><\/span><\/div><\/div><\/div><div class=\"hero-background-slider\"><div style=\"background:url(https:\/\/sport-areal.cz\/wp-content\/uploads\/2021\/04\/thomas-schweighofer-n13ABwV-Pic-unsplash.jpg)\" data-title=\"AKTIVITY\" data-subtitle=\"S\u00c1ZAVA NAB\u00cdZ\u00cd MNOHO P\u0158\u00cdLE\u017dITOST\u00cd K REKREA\u010cN\u00cdM AKTIVIT\u00c1M\" data-link=\"http:\/\/sport-areal.cz\/index.php\/ubytovani\/\" data-linktitle=\"UBYTOV\u00c1N\u00cd\" data-fgcolor=\"#ffffff\"><div class=\"div_link\"><span  id=\"wofcb-6\" class=\"ozy-custom_button_w\"><a id=\"ofcb-6\" style=\"--data-bordercolor:#000000\" class=\"ozy-custom_button ocbtn-12\"  href=\"http:\/\/sport-areal.cz\/index.php\/ubytovani\/\"  target=\"_self\" >UBYTOV\u00c1N\u00cd<\/a><\/span><\/div><\/div><\/div><div class=\"hero-background-slider\"><div style=\"background:url(https:\/\/sport-areal.cz\/wp-content\/uploads\/2021\/04\/chuttersnap-aEnH4hJ_Mrs-unsplash2-1.jpg)\" data-title=\"CATERING\" data-subtitle=\"CATERING NA AKC\u00cdCH A SVATB\u00c1CH\" data-link=\"http:\/\/sport-areal.cz\/index.php\/catering\/\" data-linktitle=\"CATERING\" data-fgcolor=\"#000000\"><div class=\"div_link\"><span  id=\"wofcb-7\" class=\"ozy-custom_button_w\"><a id=\"ofcb-7\" style=\"--data-bordercolor:#000000\" class=\"ozy-custom_button ocbtn-12\"  href=\"http:\/\/sport-areal.cz\/index.php\/catering\/\"  target=\"_self\" >CATERING<\/a><\/span><\/div><\/div><\/div><div class=\"reveal-slider-caption\"><\/div><\/div>[\/vc_column][\/vc_row][vc_row content_placement=&#8220;middle&#8220; css=&#8220;.vc_custom_1618771090405{margin-top: 0px !important;margin-bottom: 0px !important;padding-top: 0px !important;padding-bottom: 0px !important;}&#8220;][vc_column width=&#8220;1\/2&#8243; zero_padding_on_mobile=&#8220;on&#8220; zero_margin_on_mobile=&#8220;on&#8220;][vc_column_text css=&#8220;.vc_custom_1619767538533{margin-bottom: 15px !important;}&#8220;]<\/p>\n<h2 style=\"text-align: left;\">Ubytov\u00e1n\u00ed v pokoj\u00edch<\/h2>\n<p>[\/vc_column_text][vc_column_text]<\/p>\n<p style=\"text-align: justify;\">Sport are\u00e1l Samop\u0161e nab\u00edz\u00ed ubytov\u00e1n\u00ed v budov\u00e1ch ve 2-5 l\u016f\u017ekov\u00fdch pokoj\u00edch. Pro turisty, vod\u00e1ky, rodiny s d\u011btmi, \u0161koly, \u00fa\u010dastn\u00edky akc\u00ed i svateb\u010dany je tu dostatek m\u00edsta, stravovat se host\u00e9 mohu v na\u0161\u00ed restauraci.<\/p>\n<p>[\/vc_column_text][vc_btn title=&#8220;Ubytujte se&#8220; align=&#8220;center&#8220; link=&#8220;url:http%3A%2F%2Fsport-areal.cz%2Findex.php%2Fubytovani%2F|title:Ubytov%C3%A1n%C3%AD&#8220;][\/vc_btn][\/vc_column][vc_column width=&#8220;1\/2&#8243;][vc_single_image image=&#8220;2130&#8243; img_size=&#8220;full&#8220; alignment=&#8220;right&#8220; parallax_ratio=&#8220;1.0&#8243;][\/vc_column][\/vc_row][vc_row full_width=&#8220;stretch_row_content_no_spaces&#8220; content_placement=&#8220;top&#8220; css=&#8220;.vc_custom_1618779636032{margin-top: 0px !important;margin-bottom: 0px !important;padding-top: 5% !important;padding-bottom: 5% !important;background-color: #fffafa !important;}&#8220;][vc_column width=&#8220;1\/2&#8243; css=&#8220;.vc_custom_1538936459100{margin-top: 0px !important;margin-bottom: 0px !important;padding-top: 0px !important;padding-bottom: 0px !important;}&#8220;][vc_single_image image=&#8220;2420&#8243; img_size=&#8220;large&#8220; alignment=&#8220;center&#8220; parallax_ratio=&#8220;1.0&#8243; css=&#8220;.vc_custom_1619767491861{margin-top: 0px !important;margin-bottom: 0px !important;padding-top: 0px !important;padding-bottom: 0px !important;}&#8220;][\/vc_column][vc_column width=&#8220;1\/2&#8243; zero_padding_on_mobile=&#8220;on&#8220; zero_margin_on_mobile=&#8220;on&#8220; css=&#8220;.vc_custom_1618779483481{padding-right: 15% !important;padding-left: 15% !important;}&#8220;][vc_column_text]<\/p>\n<h2 style=\"text-align: center;\">Kemp<\/h2>\n<p class=\"uvodni-text\">Pro vod\u00e1ky a turisty nab\u00edz\u00edme ubytov\u00e1n\u00ed v prostorn\u00e9m kempu se z\u00e1zem\u00edm a mo\u017enost\u00ed stravov\u00e1n\u00ed v restauraci. Nab\u00edz\u00edme dostatek prostoru pro karavyny, obytn\u00e1 auta, mal\u00e9 i velk\u00e9 stany.<\/p>\n<p>[\/vc_column_text][vc_btn title=&#8220;Ubytujte se&#8220; align=&#8220;center&#8220; link=&#8220;url:http%3A%2F%2Fsport-areal.cz%2Findex.php%2Fubytovani%2F|title:Restaurace&#8220;][\/vc_btn][\/vc_column][\/vc_row][vc_row full_width=&#8220;stretch_row_content_no_spaces&#8220; content_placement=&#8220;top&#8220; css=&#8220;.vc_custom_1618779636032{margin-top: 0px !important;margin-bottom: 0px !important;padding-top: 5% !important;padding-bottom: 5% !important;background-color: #fffafa !important;}&#8220;][vc_column width=&#8220;1\/2&#8243; zero_padding_on_mobile=&#8220;on&#8220; zero_margin_on_mobile=&#8220;on&#8220; css=&#8220;.vc_custom_1618779483481{padding-right: 15% !important;padding-left: 15% !important;}&#8220;][vc_column_text]<\/p>\n<h2 style=\"text-align: center;\">Restaurace<\/h2>\n<p class=\"uvodni-text\">Na za\u010d\u00e1tku are\u00e1lu se nach\u00e1z\u00ed stylov\u00e1 restaurace s letn\u00ed terasou s v\u00fdhledem na \u0159eku. Va\u0159\u00edme tradi\u010dn\u00ed \u010desk\u00e1 i mezin\u00e1rodn\u00ed j\u00eddla. P\u0159ipravujeme poctiv\u00e1 dom\u00e1c\u00ed j\u00eddla z \u010derstv\u00fdch surovin.<\/p>\n<p><strong>Sn\u00eddan\u011b, ob\u011bdy a ve\u010de\u0159e<\/strong>\u00a0&#8211; dle aktu\u00e1ln\u00edho j\u00eddeln\u00edho a n\u00e1pojov\u00e9ho l\u00edstku v restauraci[\/vc_column_text][vc_btn title=&#8220;Restaurace&#8220; align=&#8220;center&#8220; link=&#8220;url:http%3A%2F%2Fsport-areal.cz%2Findex.php%2Fdinedrink%2F|title:Restaurace&#8220;][\/vc_btn][\/vc_column][vc_column width=&#8220;1\/2&#8243; css=&#8220;.vc_custom_1538936459100{margin-top: 0px !important;margin-bottom: 0px !important;padding-top: 0px !important;padding-bottom: 0px !important;}&#8220;][vc_single_image image=&#8220;2119&#8243; img_size=&#8220;full&#8220; alignment=&#8220;center&#8220; parallax_ratio=&#8220;1.0&#8243; css=&#8220;.vc_custom_1618692403419{margin-top: 0px !important;margin-bottom: 0px !important;padding-top: 0px !important;padding-bottom: 0px !important;}&#8220;][\/vc_column][\/vc_row][vc_row full_width=&#8220;stretch_row_content_no_spaces&#8220; content_placement=&#8220;top&#8220; css=&#8220;.vc_custom_1618779750978{padding-bottom: % !important;background-color: #fffafa !important;}&#8220;][vc_column width=&#8220;1\/2&#8243; zero_padding_on_mobile=&#8220;on&#8220; zero_margin_on_mobile=&#8220;on&#8220;][vc_single_image image=&#8220;2233&#8243; img_size=&#8220;full&#8220; alignment=&#8220;right&#8220; parallax_ratio=&#8220;0&#8243;][\/vc_column][vc_column width=&#8220;1\/2&#8243; css=&#8220;.vc_custom_1618779205201{margin-top: 0px !important;margin-bottom: 0px !important;padding-top: 0px !important;padding-right: 15% !important;padding-bottom: 0px !important;padding-left: 15% !important;}&#8220;][vc_column_text]<\/p>\n<h2 style=\"text-align: center;\">Cateringov\u00e9 slu\u017eby<\/h2>\n<p>Mezi dal\u0161\u00ed slu\u017eby, kter\u00e9 restaurace nab\u00edz\u00ed, pat\u0159\u00ed zaji\u0161t\u011bn\u00ed ob\u010derstven\u00ed p\u0159i \u0161kolen\u00edch, firemn\u00edch \u010di teambuildingov\u00fdch akc\u00edch. Rovn\u011b\u017e p\u0159iprav\u00edme r\u016fzn\u00e9 druhy raut\u016f, ve\u010dern\u00ed grilov\u00e1n\u00ed, cofee-break apod. Tak\u00e9 u n\u00e1s m\u016f\u017eete uspo\u0159\u00e1dat rodinn\u00e9 oslavy a svatebn\u00ed hostiny.<\/p>\n<p>&nbsp;<\/p>\n<ul>\n<li>Restaurace s barem &#8211; 60 m\u00edst<\/li>\n<li>Samoobslu\u017en\u00e1 restaurace &#8211; 120 m\u00edst<\/li>\n<li>Letn\u00ed terasa &#8211; 30 m\u00edst<\/li>\n<li>Venkovn\u00ed posezen\u00ed v are\u00e1lu<\/li>\n<\/ul>\n<p>[\/vc_column_text][vc_btn title=&#8220;Catering&#8220; align=&#8220;center&#8220; link=&#8220;url:http%3A%2F%2Fsport-areal.cz%2Findex.php%2F6-catering-2%2F|title:Catering&#8220;][\/vc_btn][\/vc_column][\/vc_row]<\/p>\n","protected":false},"excerpt":{"rendered":"<p>[vc_row full_width=&#8220;stretch_row_content_no_spaces&#8220; full_height=&#8220;yes&#8220; hue=&#8220;#ff0000&#8243;][vc_column][\/vc_column][\/vc_row][vc_row content_placement=&#8220;middle&#8220; css=&#8220;.vc_custom_1618771090405{margin-top: 0px !important;margin-bottom: 0px !important;padding-top: 0px !important;padding-bottom: 0px !important;}&#8220;][vc_column width=&#8220;1\/2&#8243; zero_padding_on_mobile=&#8220;on&#8220; zero_margin_on_mobile=&#8220;on&#8220;][vc_column_text css=&#8220;.vc_custom_1619767538533{margin-bottom: 15px !important;}&#8220;] Ubytov\u00e1n\u00ed v pokoj\u00edch [\/vc_column_text][vc_column_text] Sport are\u00e1l Samop\u0161e nab\u00edz\u00ed ubytov\u00e1n\u00ed v [&hellip;]<\/p>\n","protected":false},"author":1,"featured_media":0,"parent":0,"menu_order":0,"comment_status":"closed","ping_status":"closed","template":"page-transparent-menu.php","meta":[],"_links":{"self":[{"href":"https:\/\/sport-areal.cz\/index.php\/wp-json\/wp\/v2\/pages\/15"}],"collection":[{"href":"https:\/\/sport-areal.cz\/index.php\/wp-json\/wp\/v2\/pages"}],"about":[{"href":"https:\/\/sport-areal.cz\/index.php\/wp-json\/wp\/v2\/types\/page"}],"author":[{"embeddable":true,"href":"https:\/\/sport-areal.cz\/index.php\/wp-json\/wp\/v2\/users\/1"}],"replies":[{"embeddable":true,"href":"https:\/\/sport-areal.cz\/index.php\/wp-json\/wp\/v2\/comments?post=15"}],"version-history":[{"count":36,"href":"https:\/\/sport-areal.cz\/index.php\/wp-json\/wp\/v2\/pages\/15\/revisions"}],"predecessor-version":[{"id":2507,"href":"https:\/\/sport-areal.cz\/index.php\/wp-json\/wp\/v2\/pages\/15\/revisions\/2507"}],"wp:attachment":[{"href":"https:\/\/sport-areal.cz\/index.php\/wp-json\/wp\/v2\/media?parent=15"}],"curies":[{"name":"wp","href":"https:\/\/api.w.org\/{rel}","templated":true}]}}