{"id":2194,"date":"2021-04-18T20:57:00","date_gmt":"2021-04-18T18:57:00","guid":{"rendered":"http:\/\/sport-areal.cz\/?page_id=2194"},"modified":"2026-02-02T16:45:06","modified_gmt":"2026-02-02T15:45:06","slug":"ubytovani","status":"publish","type":"page","link":"https:\/\/sport-areal.cz\/index.php\/ubytovani\/","title":{"rendered":"Ubytov\u00e1n\u00ed"},"content":{"rendered":"<p>[vc_row full_width=&#8220;stretch_row&#8220; content_placement=&#8220;middle&#8220; parallax=&#8220;content-moving&#8220; parallax_image=&#8220;2603&#8243; css=&#8220;.vc_custom_1752006553594{margin-top: 0px !important;margin-bottom: 0px !important;padding-top: 150px !important;padding-bottom: 150px !important;}&#8220;][vc_column][vc_custom_heading text=&#8220;UBYTOV\u00c1N\u00cd&#8220; font_container=&#8220;tag:h1|text_align:left|color:%23ffffff&#8220; google_fonts=&#8220;font_family:Playfair%20Display%3Aregular%2Citalic%2C700%2C700italic%2C900%2C900italic|font_style:400%20regular%3A400%3Anormal&#8220;][vc_custom_heading text=&#8220;v budov\u00e1ch nebo v kempu&#8220; font_container=&#8220;tag:h4|text_align:left|color:%23ffffff&#8220; google_fonts=&#8220;font_family:Playfair%20Display%3Aregular%2Citalic%2C700%2C700italic%2C900%2C900italic|font_style:400%20italic%3A400%3Aitalic&#8220;][\/vc_column][\/vc_row][vc_row][vc_column][vc_column_text]<\/p>\n<h4 style=\"text-align: center;\">CHECKIN od 15 hodin\u00a0 CHECKOUT do 10 hodin<\/h4>\n<p style=\"text-align: center;\">Host je povinen ubytovac\u00ed prostory i prostor pro stany a karavany opustit do 10 hodin, jinak bude spr\u00e1vce Kempu Samop\u0161e po\u010d\u00edtat cenu dal\u0161\u00edho jednodenn\u00edho ubytov\u00e1n\u00ed.<\/p>\n<p style=\"text-align: center;\">Ceny za ubytov\u00e1n\u00ed se tvo\u0159\u00ed sou\u010dtem cen za osobu, auto,stan a ostatn\u00ed poplatky<\/p>\n<h4 style=\"text-align: center;\"><span style=\"color: #ff0000;\">UBYTOVAN\u00cd HOST\u00c9 JSOU POVINNI SE NEJD\u0158\u00cdVE NAHL\u00c1SIT NA RECEPCI NEBO NA BARU A TEPRVE POT\u00c9 M\u016e\u017dOU POSTAVIT STAN NEBO ZAPARKOVAT KARAVAN NA UR\u010cEN\u00c9M M\u00cdST\u011a<\/span><\/h4>\n<p style=\"text-align: center;\"><strong>ZAP\u016eJ\u010cEN\u00cd SPORTOVN\u00cdHO VYBAVEN\u00cd DLE CEN\u00cdKU NA RECEPCI<\/strong><\/p>\n<p>[\/vc_column_text][\/vc_column][\/vc_row][vc_row css=&#8220;.vc_custom_1543003836186{margin-top: 0px !important;margin-bottom: 0px !important;padding-top: 10px !important;padding-bottom: 40px !important;}&#8220;][vc_column][vc_row_inner equal_height=&#8220;yes&#8220; css=&#8220;.vc_custom_1618776265389{margin-bottom: 0px !important;padding-bottom: 0px !important;}&#8220;][vc_column_inner width=&#8220;1\/2&#8243;][vc_single_image image=&#8220;2196&#8243; img_size=&#8220;full&#8220; alignment=&#8220;center&#8220; parallax_ratio=&#8220;1.0&#8243;]<div id=\"oabx-1\" style=\"--data-bgcolor:rgba(0,0,0,0.7)\" class=\"ozy-arrow_box arrow-TOP\"><\/p>\n<h4>Dvoul\u016f\u017ekov\u00e9 a\u017e \u010dty\u0159l\u016f\u017ekov\u00e9 pokoje<\/h4>\n<ul>\n<li>zrenovovan\u00e9 dvoul\u016f\u017ekov\u00e9 pokoje se standardn\u00edm vybaven\u00edm (man\u017eelsk\u00e1 postel nebo jednol\u016f\u017ekov\u00e9 postele, sk\u0159\u00ed\u0148, stolek, \u017eidle)<\/li>\n<li>p\u00e1nsk\u00e9, d\u00e1msk\u00e9 soci\u00e1ln\u00ed za\u0159\u00edzen\u00ed a spole\u010densk\u00e1 m\u00edstnost<\/li>\n<li>parkovan\u00ed vedle budov 90,-\/den<\/li>\n<li>dom\u00e1c\u00ed mazl\u00ed\u010dek na pokoji 100,-\/den<\/li>\n<li>jednol\u016f\u017ekov\u00fd pokoj 500,-\/den<\/li>\n<li>povinn\u00fd poplatek z pobytu (OU Samop\u0161e) 40,- K\u010d na osobu\/den\u00a0 (neplat\u00ed pro d\u011bti do 18 let)<\/li>\n<\/ul>\n<h5><div id=\"footable_parent_2499\"\n         class=\" footable_parent ninja_table_wrapper loading_ninja_table wp_table_data_press_parent semantic_ui \">\n                <table data-ninja_table_instance=\"ninja_table_instance_0\" data-footable_id=\"2499\" data-filter-delay=\"1000\" aria-label=\"Dvoul\u016f\u017ekov\u00e9 a\u017e \u010dty\u0159l\u016f\u017ekov\u00e9 pokoje\"            id=\"footable_2499\"\n           data-unique_identifier=\"ninja_table_unique_id_1496543129_2499\"\n           class=\" foo-table ninja_footable foo_table_2499 ninja_table_unique_id_1496543129_2499 ui table  nt_type_ajax_table selectable celled striped compact vertical_centered  footable-paging-right ninja_table_search_disabled\">\n                <colgroup>\n                            <col class=\"ninja_column_0 \">\n                            <col class=\"ninja_column_1 \">\n                    <\/colgroup>\n            <\/table>\n                    <style type=\"text\/css\" id='ninja_table_custom_css_2499'>\n                        #footable_2499  {\n        font-family: inherit;\n        font-size: 14px;\n    }\n\n                <\/style>\n                \n    \n    \n<\/div>\n<\/h5>\n<p><span  id=\"wofcb-2\" class=\"ozy-custom_button_w\"><a id=\"ofcb-2\" style=\"--data-bordercolor:#000000\" class=\"ozy-custom_button ocbtn-1\"  href=\"https:\/\/sport-areal.cz\/wp-content\/uploads\/2026\/02\/CenikSamopse2026.pdf\"  target=\"_blank\" >Cen\u00edk ke sta\u017een\u00ed<\/a><\/span><\/div>[vc_single_image image=&#8220;2362&#8243; img_size=&#8220;large&#8220; alignment=&#8220;center&#8220; parallax_ratio=&#8220;1.0&#8243;][vc_empty_space height=&#8220;30px&#8220;][vc_single_image image=&#8220;2363&#8243; img_size=&#8220;full&#8220; alignment=&#8220;center&#8220; parallax_ratio=&#8220;1.0&#8243;][vc_single_image image=&#8220;2367&#8243; img_size=&#8220;large&#8220; alignment=&#8220;center&#8220; parallax_ratio=&#8220;1.0&#8243;][\/vc_column_inner][vc_column_inner width=&#8220;1\/2&#8243;][vc_single_image image=&#8220;2206&#8243; img_size=&#8220;large&#8220; alignment=&#8220;center&#8220; parallax_ratio=&#8220;1.0&#8243;]<div id=\"oabx-3\" style=\"--data-bgcolor:rgba(0,0,0,0.7)\" class=\"ozy-arrow_box arrow-TOP\"><\/p>\n<h3>KEMP<\/h3>\n<div id=\"footable_parent_2579\"\n         class=\" footable_parent ninja_table_wrapper loading_ninja_table wp_table_data_press_parent semantic_ui \">\n                <table data-ninja_table_instance=\"ninja_table_instance_1\" data-footable_id=\"2579\" data-filter-delay=\"1000\" aria-label=\"Ceny za osobu\"            id=\"footable_2579\"\n           data-unique_identifier=\"ninja_table_unique_id_328542445_2579\"\n           class=\" foo-table ninja_footable foo_table_2579 ninja_table_unique_id_328542445_2579 ui table  nt_type_ajax_table selectable celled striped compact vertical_centered  footable-paging-right ninja_table_search_disabled\">\n                <colgroup>\n                            <col class=\"ninja_column_0 \">\n                            <col class=\"ninja_column_1 \">\n                            <col class=\"ninja_column_2 \">\n                            <col class=\"ninja_column_3 \">\n                            <col class=\"ninja_column_4 \">\n                    <\/colgroup>\n            <\/table>\n                    <style type=\"text\/css\" id='ninja_table_custom_css_2499'>\n                        #footable_2499  {\n        font-family: inherit;\n        font-size: 14px;\n    }\n\n                <\/style>\n                                <style type=\"text\/css\" id='ninja_table_custom_css_2579'>\n                        #footable_2579  {\n        font-family: inherit;\n        font-size: 14px;\n    }\n\n#footable_2579 td.ninja_column_1 { text-align: right; }#footable_2579 td.ninja_column_3 { text-align: right; }#footable_2579 td.ninja_column_4 { text-align: right; }                <\/style>\n                \n    \n    \n<\/div>\n\n<p>* Poplatek z pobytu 40,- K\u010d \/ osobu (OU Samop\u0161e) nad 18 let<br \/>\n** P\u0159i p\u0159\u00edchodu host dostane barevn\u00fd p\u00e1sek na ruku, kter\u00fd je nutn\u00e9 m\u00edt po celou dobu pobytu, jinak v\u00e1m strava nebude vydan\u00e1<\/p>\n<ul>\n<li>tepl\u00e1 voda pro ubytovan\u00e9 osoby zdarma<\/li>\n<li>P\u0159i chladn\u00e9m po\u010das\u00ed lze v n\u011bkter\u00fdch budov\u00e1ch p\u0159itopit el.topen\u00edm na pokoj\u00edch, spol.m\u00edstnosti i koupeln\u00e1ch, p\u0159\u00edplatek 100,-K\u010d\/den\/pokoj nebo dle domluvy ode\u010det elektrom\u011bru na cel\u00e9 budov\u011b<\/li>\n<\/ul>\n<p>P\u0159ed stavbou stan\u016f se informujte na recepci.<br \/>\nPostaven\u00fd a neohl\u00e1\u0161en\u00fd stan v are\u00e1lu po 20:00 hod. = 2000,- K\u010d<br \/>\nRozd\u011bl\u00e1n\u00ed ohn\u011b mimo vyhrazen\u00e9 prostory = pokuta 2000,- K\u010d<br \/>\nZ\u00e1kaz vysyp\u00e1v\u00e1n\u00ed popela na tr\u00e1vn\u00edk<\/p>\n<div id=\"footable_parent_2503\"\n         class=\" footable_parent ninja_table_wrapper loading_ninja_table wp_table_data_press_parent semantic_ui \">\n                <table data-ninja_table_instance=\"ninja_table_instance_2\" data-footable_id=\"2503\" data-filter-delay=\"1000\" aria-label=\"Cen\u00edk kemp\"            id=\"footable_2503\"\n           data-unique_identifier=\"ninja_table_unique_id_841913002_2503\"\n           class=\" foo-table ninja_footable foo_table_2503 ninja_table_unique_id_841913002_2503 ui table  nt_type_ajax_table selectable celled striped compact vertical_centered  footable-paging-right ninja_table_search_disabled\">\n                <colgroup>\n                            <col class=\"ninja_column_0 \">\n                            <col class=\"ninja_column_1 \">\n                    <\/colgroup>\n            <\/table>\n                    <style type=\"text\/css\" id='ninja_table_custom_css_2499'>\n                        #footable_2499  {\n        font-family: inherit;\n        font-size: 14px;\n    }\n\n                <\/style>\n                                <style type=\"text\/css\" id='ninja_table_custom_css_2579'>\n                        #footable_2579  {\n        font-family: inherit;\n        font-size: 14px;\n    }\n\n#footable_2579 td.ninja_column_1 { text-align: right; }#footable_2579 td.ninja_column_3 { text-align: right; }#footable_2579 td.ninja_column_4 { text-align: right; }                <\/style>\n                                <style type=\"text\/css\" id='ninja_table_custom_css_2503'>\n                        #footable_2503  {\n        font-family: inherit;\n        font-size: 14px;\n    }\n\n                <\/style>\n                \n    \n    \n<\/div>\n\n<p>ZAP\u016eJ\u010cEN\u00cd SPORTOVN\u00cdHO VYBAVEN\u00cd DLE CEN\u00cdKU NA RECEPCI<\/p>\n<p><span style=\"color: #ffff00;\"><strong>CHECKIN od 15 hod \/ CHECKOUT do 10 hod<\/strong><\/span><\/p>\n<p>Host je povinen ubytovac\u00ed prostory i prostor pro stany a karavany opustit do 10 hodin, jinak<br \/>\nbude spr\u00e1vce Kempu Samop\u0161e po\u010d\u00edtat cenu dal\u0161\u00edho jednodenn\u00edho ubytov\u00e1n\u00ed.<br \/>\nCeny za ubytov\u00e1n\u00ed se tvo\u0159\u00ed sou\u010dtem cen za osobu, auto,stan a ostatn\u00ed poplatky<\/p>\n<p><span style=\"color: #ffff00;\"><strong>UBYTOVAN\u00cd HOST\u00c9 JSOU POVINNI SE NEJD\u0158\u00cdVE NAHL\u00c1SIT NA RECEPCI NEBO NA BARU A<\/strong><\/span><br \/>\n<span style=\"color: #ffff00;\"><strong>TEPRVE POT\u00c9 SI M\u016e\u017dOU POSTAVIT STAN NEBO ZAPARKOVAT KARAVAN NA UR\u010c.M\u00cdST\u011a!!!<\/strong><\/span><span  id=\"wofcb-4\" class=\"ozy-custom_button_w\"><a id=\"ofcb-4\" style=\"--data-bordercolor:#000000\" class=\"ozy-custom_button ocbtn-1\"  href=\"https:\/\/sport-areal.cz\/wp-content\/uploads\/2026\/02\/CenikSamopse2026.pdf\"  target=\"_blank\" >Cen\u00edk ke sta\u017een\u00ed<\/a><\/span><\/div>[vc_empty_space height=&#8220;30px&#8220;][\/vc_column_inner][\/vc_row_inner][\/vc_column][\/vc_row]<\/p>\n","protected":false},"excerpt":{"rendered":"<p>[vc_row full_width=&#8220;stretch_row&#8220; content_placement=&#8220;middle&#8220; parallax=&#8220;content-moving&#8220; parallax_image=&#8220;2603&#8243; css=&#8220;.vc_custom_1752006553594{margin-top: 0px !important;margin-bottom: 0px !important;padding-top: 150px !important;padding-bottom: 150px !important;}&#8220;][vc_column][vc_custom_heading text=&#8220;UBYTOV\u00c1N\u00cd&#8220; font_container=&#8220;tag:h1|text_align:left|color:%23ffffff&#8220; google_fonts=&#8220;font_family:Playfair%20Display%3Aregular%2Citalic%2C700%2C700italic%2C900%2C900italic|font_style:400%20regular%3A400%3Anormal&#8220;][vc_custom_heading text=&#8220;v budov\u00e1ch nebo v kempu&#8220; font_container=&#8220;tag:h4|text_align:left|color:%23ffffff&#8220; google_fonts=&#8220;font_family:Playfair%20Display%3Aregular%2Citalic%2C700%2C700italic%2C900%2C900italic|font_style:400%20italic%3A400%3Aitalic&#8220;][\/vc_column][\/vc_row][vc_row][vc_column][vc_column_text] CHECKIN od 15 hodin\u00a0 CHECKOUT do [&hellip;]<\/p>\n","protected":false},"author":1,"featured_media":0,"parent":0,"menu_order":0,"comment_status":"closed","ping_status":"closed","template":"page-transparent-menu.php","meta":[],"_links":{"self":[{"href":"https:\/\/sport-areal.cz\/index.php\/wp-json\/wp\/v2\/pages\/2194"}],"collection":[{"href":"https:\/\/sport-areal.cz\/index.php\/wp-json\/wp\/v2\/pages"}],"about":[{"href":"https:\/\/sport-areal.cz\/index.php\/wp-json\/wp\/v2\/types\/page"}],"author":[{"embeddable":true,"href":"https:\/\/sport-areal.cz\/index.php\/wp-json\/wp\/v2\/users\/1"}],"replies":[{"embeddable":true,"href":"https:\/\/sport-areal.cz\/index.php\/wp-json\/wp\/v2\/comments?post=2194"}],"version-history":[{"count":76,"href":"https:\/\/sport-areal.cz\/index.php\/wp-json\/wp\/v2\/pages\/2194\/revisions"}],"predecessor-version":[{"id":2612,"href":"https:\/\/sport-areal.cz\/index.php\/wp-json\/wp\/v2\/pages\/2194\/revisions\/2612"}],"wp:attachment":[{"href":"https:\/\/sport-areal.cz\/index.php\/wp-json\/wp\/v2\/media?parent=2194"}],"curies":[{"name":"wp","href":"https:\/\/api.w.org\/{rel}","templated":true}]}}