{"id":2298,"date":"2021-04-19T21:56:51","date_gmt":"2021-04-19T19:56:51","guid":{"rendered":"http:\/\/sport-areal.cz\/?page_id=2298"},"modified":"2026-02-02T16:50:44","modified_gmt":"2026-02-02T15:50:44","slug":"pro-firmy-skoly","status":"publish","type":"page","link":"https:\/\/sport-areal.cz\/index.php\/pro-firmy-skoly\/","title":{"rendered":"PRO FIRMY-\u0160KOLY"},"content":{"rendered":"<p>[vc_row full_width=&#8220;stretch_row&#8220; content_placement=&#8220;middle&#8220; parallax=&#8220;content-moving&#8220; parallax_image=&#8220;2312&#8243; css=&#8220;.vc_custom_1618865971667{margin-top: 0px !important;margin-bottom: 0px !important;padding-top: 150px !important;padding-bottom: 150px !important;}&#8220;][vc_column][vc_custom_heading text=&#8220;PRO \u0160KOLY A FIRMY&#8220; font_container=&#8220;tag:h1|text_align:left|color:%23ffffff&#8220; google_fonts=&#8220;font_family:Playfair%20Display%3Aregular%2Citalic%2C700%2C700italic%2C900%2C900italic|font_style:400%20regular%3A400%3Anormal&#8220;][vc_custom_heading text=&#8220;srazy, sjezdy, soust\u0159ed\u011bn\u00ed &#8230;&#8220; font_container=&#8220;tag:h4|text_align:left|color:%23ffffff&#8220; google_fonts=&#8220;font_family:Playfair%20Display%3Aregular%2Citalic%2C700%2C700italic%2C900%2C900italic|font_style:400%20italic%3A400%3Aitalic&#8220;][\/vc_column][\/vc_row][vc_row equal_height=&#8220;yes&#8220; css=&#8220;.vc_custom_1618865979830{margin-top: 0px !important;margin-bottom: 0px !important;padding-top: 10px !important;padding-bottom: 40px !important;}&#8220;][vc_column][vc_row_inner css=&#8220;.vc_custom_1543003651066{margin-bottom: 0px !important;padding-bottom: 0px !important;}&#8220;][vc_column_inner width=&#8220;1\/2&#8243;][vc_single_image image=&#8220;2315&#8243; img_size=&#8220;large&#8220; alignment=&#8220;center&#8220; css_animation=&#8220;none&#8220; parallax_ratio=&#8220;1.0&#8243; css=&#8220;.vc_custom_1618866175859{padding-bottom: 0px !important;}&#8220;]<div id=\"oabx-1\" style=\"--data-bgcolor:rgba(0,0,0,0.7)\" class=\"ozy-arrow_box arrow-TOP\"><\/p>\n<h2 style=\"text-align: center;\">Pro firmy<\/h2>\n<p>Are\u00e1l je vhodn\u00fd pro po\u0159\u00e1d\u00e1n\u00ed r\u016fzn\u00fdch firemn\u00edch akc\u00ed a teambuildingu. Vnit\u0159n\u00ed prostory lze upravit i pro po\u0159\u00e1d\u00e1n\u00ed semin\u00e1\u0159\u016f, kurs\u016f a \u0161kolen\u00ed. K dispozici je flip chart, dataprojektor a videoprojektor.<\/p>\n<section id=\"block-system-main\" class=\"block block-system clearfix\">\n<article id=\"node-9\" class=\"node node-page clearfix\">\n<div class=\"field field-name-body field-type-text-with-summary field-label-hidden white-background col-md-10 col-md-offset-1\">\n<div class=\"field-items\">\n<div class=\"field-item even\">\n<div class=\"col-md-8\">\n<p class=\"text-aktivity\">Ke sportu i z\u00e1bav\u011b m\u016f\u017eete vyu\u017e\u00edt:<\/p>\n<ul>\n<li>fotbalov\u00e9 h\u0159i\u0161t\u011b<\/li>\n<li>volejbalov\u00e9 kurty<\/li>\n<li>pl\u00e1\u017eov\u00fd volejbal<\/li>\n<li>\u0159\u00ed\u010dn\u00ed plov\u00e1rna<\/li>\n<li>stoln\u00ed tenis<\/li>\n<li>d\u011btsk\u00e1 h\u0159i\u0161t\u011b s prol\u00e9za\u010dkami, houpa\u010dka<\/li>\n<li>p\u016fj\u010dovna sportovn\u00edho vybaven\u00ed<\/li>\n<li>rafting<\/li>\n<li>k\u00e1noe<\/li>\n<li>pro cyklisty a in-line brusla\u0159e jsou v are\u00e1lu asfaltov\u00e9 chodn\u00edky<\/li>\n<li>ryba\u0159en\u00ed<\/li>\n<li>houba\u0159en\u00ed<\/li>\n<li>v\u00fdlety<\/li>\n<\/ul>\n<p>&nbsp;<\/p>\n<\/div>\n<div class=\"col-md-12\">\n<p>Napi\u0161te n\u00e1m Va\u0161e po\u017eadavky. R\u00e1di V\u00e1m zpracujeme nab\u00eddku p\u0159\u00edmo na m\u00edru.<\/p>\n<\/div>\n<\/div>\n<\/div>\n<\/div>\n<\/article>\n<\/section>\n<p><span  id=\"wofcb-2\" class=\"ozy-custom_button_w\"><a id=\"ofcb-2\" style=\"--data-bordercolor:#000000\" class=\"ozy-custom_button ocbtn-1\"  href=\"https:\/\/sport-areal.cz\/wp-content\/uploads\/2026\/02\/CenikSamopse2026-skoly.pdf\"  target=\"_blank\" >Cen\u00edk ke sta\u017een\u00ed<\/a><\/span><\/div>[\/vc_column_inner][vc_column_inner width=&#8220;1\/2&#8243;][vc_single_image image=&#8220;2317&#8243; img_size=&#8220;large&#8220; alignment=&#8220;center&#8220; parallax_ratio=&#8220;1.0&#8243;]<div id=\"oabx-3\" style=\"--data-bgcolor:rgba(0,0,0,0.7)\" class=\"ozy-arrow_box arrow-TOP\"><\/p>\n<h2 style=\"text-align: center;\">Pro \u0161koly<\/h2>\n<p>V obdob\u00ed od 1.5. do 30.6. a od 1.9. do 31.10. si m\u016f\u017eete zp\u0159\u00edjemnit konec \u0161koln\u00edho roku a nov\u00fd vstup do vy\u0161\u0161\u00edch ro\u010dn\u00edku v na\u0161em Sport-are\u00e1lu. Zaji\u0161\u0165ujeme pro V\u00e1s \u0161koly a \u0161kolky v p\u0159\u00edrod\u011b, \u0161koln\u00ed v\u00fdlety, p\u0159\u00edpravy na maturitu a svat\u00fd t\u00fdden.<\/p>\n<h4>D\u00e1le je u n\u00e1s mo\u017en\u00e9 uspo\u0159\u00e1dat soust\u0159ed\u011bn\u00ed sportovn\u00edch odd\u00edl\u016f a klub\u016f.<\/h4>\n<p>Pro \u0161koly poskytujeme ubytov\u00e1n\u00ed v\u010detn\u011b stravov\u00e1n\u00ed a celodenn\u00edho pitn\u00e9ho re\u017eimu. D\u00e1le nab\u00edz\u00edme op\u00e9k\u00e1n\u00ed bu\u0159t\u00edk\u016f, sva\u010dinky a p\u0159\u00edp. ob\u011bdov\u00e9 bal\u00ed\u010dky.<\/p>\n<p>Na p\u0159\u00e1n\u00ed je mo\u017en\u00e9 zajistit\u00a0outdoorov\u00e9 aktivity.<\/p>\n<h4>Ke sportu i z\u00e1bav\u011b m\u016f\u017eete vyu\u017e\u00edt:<\/h4>\n<ul>\n<li>fotbalov\u00e9 h\u0159i\u0161t\u011b<\/li>\n<li>volejbalov\u00e9 kurty<\/li>\n<li>pl\u00e1\u017eov\u00fd volejbal<\/li>\n<li>\u0159\u00ed\u010dn\u00ed plov\u00e1rnu<\/li>\n<li>stoln\u00ed tenis<\/li>\n<li>d\u011btsk\u00e1 h\u0159i\u0161t\u011b s prol\u00e9za\u010dkami, houpa\u010dku<\/li>\n<li>p\u016fj\u010dovnu sportovn\u00edho vybaven\u00ed<\/li>\n<li>rafting<\/li>\n<li>k\u00e1noe<\/li>\n<li>pro cyklisty a in-line brusla\u0159e jsou v are\u00e1lu asfaltov\u00e9 chodn\u00edky<\/li>\n<\/ul>\n<p><\/div>[\/vc_column_inner][\/vc_row_inner][\/vc_column][\/vc_row]<\/p>\n","protected":false},"excerpt":{"rendered":"<p>[vc_row full_width=&#8220;stretch_row&#8220; content_placement=&#8220;middle&#8220; parallax=&#8220;content-moving&#8220; parallax_image=&#8220;2312&#8243; css=&#8220;.vc_custom_1618865971667{margin-top: 0px !important;margin-bottom: 0px !important;padding-top: 150px !important;padding-bottom: 150px !important;}&#8220;][vc_column][vc_custom_heading text=&#8220;PRO \u0160KOLY A FIRMY&#8220; font_container=&#8220;tag:h1|text_align:left|color:%23ffffff&#8220; google_fonts=&#8220;font_family:Playfair%20Display%3Aregular%2Citalic%2C700%2C700italic%2C900%2C900italic|font_style:400%20regular%3A400%3Anormal&#8220;][vc_custom_heading text=&#8220;srazy, sjezdy, soust\u0159ed\u011bn\u00ed &#8230;&#8220; font_container=&#8220;tag:h4|text_align:left|color:%23ffffff&#8220; google_fonts=&#8220;font_family:Playfair%20Display%3Aregular%2Citalic%2C700%2C700italic%2C900%2C900italic|font_style:400%20italic%3A400%3Aitalic&#8220;][\/vc_column][\/vc_row][vc_row equal_height=&#8220;yes&#8220; css=&#8220;.vc_custom_1618865979830{margin-top: 0px !important;margin-bottom: [&hellip;]<\/p>\n","protected":false},"author":1,"featured_media":0,"parent":0,"menu_order":0,"comment_status":"closed","ping_status":"closed","template":"page-transparent-menu.php","meta":[],"_links":{"self":[{"href":"https:\/\/sport-areal.cz\/index.php\/wp-json\/wp\/v2\/pages\/2298"}],"collection":[{"href":"https:\/\/sport-areal.cz\/index.php\/wp-json\/wp\/v2\/pages"}],"about":[{"href":"https:\/\/sport-areal.cz\/index.php\/wp-json\/wp\/v2\/types\/page"}],"author":[{"embeddable":true,"href":"https:\/\/sport-areal.cz\/index.php\/wp-json\/wp\/v2\/users\/1"}],"replies":[{"embeddable":true,"href":"https:\/\/sport-areal.cz\/index.php\/wp-json\/wp\/v2\/comments?post=2298"}],"version-history":[{"count":20,"href":"https:\/\/sport-areal.cz\/index.php\/wp-json\/wp\/v2\/pages\/2298\/revisions"}],"predecessor-version":[{"id":2614,"href":"https:\/\/sport-areal.cz\/index.php\/wp-json\/wp\/v2\/pages\/2298\/revisions\/2614"}],"wp:attachment":[{"href":"https:\/\/sport-areal.cz\/index.php\/wp-json\/wp\/v2\/media?parent=2298"}],"curies":[{"name":"wp","href":"https:\/\/api.w.org\/{rel}","templated":true}]}}