{"id":2301,"date":"2021-04-19T21:59:48","date_gmt":"2021-04-19T19:59:48","guid":{"rendered":"http:\/\/sport-areal.cz\/?page_id=2301"},"modified":"2021-07-09T12:20:58","modified_gmt":"2021-07-09T10:20:58","slug":"svatby","status":"publish","type":"page","link":"https:\/\/sport-areal.cz\/index.php\/svatby\/","title":{"rendered":"SVATBY"},"content":{"rendered":"<p>[vc_row full_width=&#8220;stretch_row&#8220; content_placement=&#8220;middle&#8220; parallax=&#8220;content-moving&#8220; parallax_image=&#8220;2337&#8243; css=&#8220;.vc_custom_1618868528952{margin-top: 0px !important;margin-bottom: 0px !important;padding-top: 150px !important;padding-bottom: 150px !important;}&#8220;][vc_column][vc_custom_heading text=&#8220;SVATBY&#8220; font_container=&#8220;tag:h1|text_align:left|color:%23ffffff&#8220; google_fonts=&#8220;font_family:Playfair%20Display%3Aregular%2Citalic%2C700%2C700italic%2C900%2C900italic|font_style:400%20regular%3A400%3Anormal&#8220;][vc_custom_heading text=&#8220;svatebn\u00ed hostina v p\u0159\u00edrod\u011b&#8220; font_container=&#8220;tag:h4|text_align:left|color:%23ffffff&#8220; google_fonts=&#8220;font_family:Playfair%20Display%3Aregular%2Citalic%2C700%2C700italic%2C900%2C900italic|font_style:400%20italic%3A400%3Aitalic&#8220;][\/vc_column][\/vc_row][vc_row css=&#8220;.vc_custom_1543003836186{margin-top: 0px !important;margin-bottom: 0px !important;padding-top: 10px !important;padding-bottom: 40px !important;}&#8220;][vc_column][vc_row_inner equal_height=&#8220;yes&#8220; css=&#8220;.vc_custom_1618922111745{margin-bottom: 0px !important;padding-bottom: 0px !important;}&#8220;][vc_column_inner width=&#8220;1\/2&#8243;][vc_single_image image=&#8220;2143&#8243; img_size=&#8220;large&#8220; alignment=&#8220;center&#8220; parallax_ratio=&#8220;1.0&#8243; css=&#8220;.vc_custom_1618868770950{padding-bottom: 0px !important;}&#8220;]<div id=\"oabx-1\" style=\"--data-bgcolor:rgba(0,0,0,0.7)\" class=\"ozy-arrow_box arrow-TOP\"><\/p>\n<h2 style=\"text-align: center;\">Soukrom\u00e9 oslavy<\/h2>\n<p>Pokud chcete oslavit v\u00fdznamn\u00e9 osobn\u00ed v\u00fdro\u010d\u00ed se svoj\u00ed rodinou \u010di p\u0159\u00e1teli v kr\u00e1sn\u00e9m prost\u0159ed\u00ed, pak je Sport are\u00e1l Samop\u0161e ta prav\u00e1 volba.<\/p>\n<ul>\n<li>narozeniny<\/li>\n<li>promoce<\/li>\n<li>z\u00e1snuby<\/li>\n<li>svatby<\/li>\n<li>oslava narozen\u00ed d\u00edt\u011bte<\/li>\n<li>st\u0159\u00edbrn\u00e1, zlat\u00e1 \u010di diamantov\u00e1 svatba<\/li>\n<\/ul>\n<p>Are\u00e1l s mo\u017enost\u00ed r\u016fzn\u00fdch druh\u016f z\u00e1bavy u\u010din\u00ed Va\u0161i oslavu nezapomenutelnou.<span  id=\"wofcb-2\" class=\"ozy-custom_button_w\"><a id=\"ofcb-2\" style=\"--data-bordercolor:#000000\" class=\"ozy-custom_button ocbtn-1\"  href=\"#\"  target=\"_self\" >LEARN MORE<\/a><\/span><\/div>[vc_single_image image=&#8220;2359&#8243; img_size=&#8220;large&#8220; alignment=&#8220;center&#8220; parallax_ratio=&#8220;1.0&#8243; css=&#8220;.vc_custom_1618922322405{padding-bottom: 0px !important;}&#8220;][\/vc_column_inner][vc_column_inner width=&#8220;1\/2&#8243;][vc_single_image image=&#8220;2341&#8243; img_size=&#8220;large&#8220; alignment=&#8220;center&#8220; parallax_ratio=&#8220;1.0&#8243;]<div id=\"oabx-3\" style=\"--data-bgcolor:rgba(0,0,0,0.7)\" class=\"ozy-arrow_box arrow-TOP\"><\/p>\n<h2 style=\"text-align: center;\">Svatby<\/h2>\n<p>Vyslovte nejd\u016fle\u017eit\u011bj\u0161\u00ed ANO sv\u00e9ho \u017eivota na b\u0159ehu \u0159eky s v\u00fdhledem na okoln\u00ed zalesn\u011bn\u00e9 kopce. Romantick\u00e9 prost\u0159ed\u00ed pro uskute\u010dn\u011bn\u00ed Va\u0161eho svatebn\u00edho dne najdete necel\u00fdch 40 km od Prahy. Sport are\u00e1l Samop\u0161e\u00a0 se nach\u00e1z\u00ed v udol\u00ed \u0159eky S\u00e1zavy. Pro svatebn\u00ed hostinu a n\u00e1sleduj\u00edc\u00ed svatebn\u00ed vesel\u00ed jsou p\u0159ipraveny dostate\u010dn\u00e9 prostory a ubytov\u00e1n\u00ed:<\/p>\n<ul>\n<li>Restaurace s barem\u00a0 60 m\u00edst<\/li>\n<li>Samoobslu\u017en\u00e1 restaurace\u00a0 120 m\u00edst<\/li>\n<li>Letn\u00ed terasa\u00a0 30 m\u00edst<\/li>\n<li>Venkovn\u00ed posezen\u00ed v are\u00e1lu<\/li>\n<li>Ubytov\u00e1n\u00ed a\u017e pro ??? host\u016f<\/li>\n<\/ul>\n<p>Rovn\u011b\u017e p\u0159iprav\u00edme venkovn\u00ed grilov\u00e1n\u00ed, cofee-break apod.<span  id=\"wofcb-4\" class=\"ozy-custom_button_w\"><a id=\"ofcb-4\" style=\"--data-bordercolor:#000000\" class=\"ozy-custom_button ocbtn-1\"  href=\"#\"  target=\"_self\" >LEARN MORE<\/a><\/span><\/div>[vc_single_image image=&#8220;2360&#8243; img_size=&#8220;large&#8220; alignment=&#8220;center&#8220; parallax_ratio=&#8220;1.0&#8243;][\/vc_column_inner][\/vc_row_inner][\/vc_column][\/vc_row]<\/p>\n","protected":false},"excerpt":{"rendered":"<p>[vc_row full_width=&#8220;stretch_row&#8220; content_placement=&#8220;middle&#8220; parallax=&#8220;content-moving&#8220; parallax_image=&#8220;2337&#8243; css=&#8220;.vc_custom_1618868528952{margin-top: 0px !important;margin-bottom: 0px !important;padding-top: 150px !important;padding-bottom: 150px !important;}&#8220;][vc_column][vc_custom_heading text=&#8220;SVATBY&#8220; font_container=&#8220;tag:h1|text_align:left|color:%23ffffff&#8220; google_fonts=&#8220;font_family:Playfair%20Display%3Aregular%2Citalic%2C700%2C700italic%2C900%2C900italic|font_style:400%20regular%3A400%3Anormal&#8220;][vc_custom_heading text=&#8220;svatebn\u00ed hostina v p\u0159\u00edrod\u011b&#8220; font_container=&#8220;tag:h4|text_align:left|color:%23ffffff&#8220; google_fonts=&#8220;font_family:Playfair%20Display%3Aregular%2Citalic%2C700%2C700italic%2C900%2C900italic|font_style:400%20italic%3A400%3Aitalic&#8220;][\/vc_column][\/vc_row][vc_row css=&#8220;.vc_custom_1543003836186{margin-top: 0px !important;margin-bottom: 0px !important;padding-top: 10px !important;padding-bottom: [&hellip;]<\/p>\n","protected":false},"author":1,"featured_media":0,"parent":0,"menu_order":0,"comment_status":"closed","ping_status":"closed","template":"page-transparent-menu.php","meta":[],"_links":{"self":[{"href":"https:\/\/sport-areal.cz\/index.php\/wp-json\/wp\/v2\/pages\/2301"}],"collection":[{"href":"https:\/\/sport-areal.cz\/index.php\/wp-json\/wp\/v2\/pages"}],"about":[{"href":"https:\/\/sport-areal.cz\/index.php\/wp-json\/wp\/v2\/types\/page"}],"author":[{"embeddable":true,"href":"https:\/\/sport-areal.cz\/index.php\/wp-json\/wp\/v2\/users\/1"}],"replies":[{"embeddable":true,"href":"https:\/\/sport-areal.cz\/index.php\/wp-json\/wp\/v2\/comments?post=2301"}],"version-history":[{"count":13,"href":"https:\/\/sport-areal.cz\/index.php\/wp-json\/wp\/v2\/pages\/2301\/revisions"}],"predecessor-version":[{"id":2511,"href":"https:\/\/sport-areal.cz\/index.php\/wp-json\/wp\/v2\/pages\/2301\/revisions\/2511"}],"wp:attachment":[{"href":"https:\/\/sport-areal.cz\/index.php\/wp-json\/wp\/v2\/media?parent=2301"}],"curies":[{"name":"wp","href":"https:\/\/api.w.org\/{rel}","templated":true}]}}