{"id":923,"date":"2018-10-07T17:37:14","date_gmt":"2018-10-07T17:37:14","guid":{"rendered":"https:\/\/sunway.freevision.me\/?page_id=923"},"modified":"2021-07-09T12:20:31","modified_gmt":"2021-07-09T10:20:31","slug":"restaurace","status":"publish","type":"page","link":"https:\/\/sport-areal.cz\/index.php\/restaurace\/","title":{"rendered":"Restaurace"},"content":{"rendered":"<p>[vc_row full_width=&#8220;stretch_row&#8220; content_placement=&#8220;middle&#8220; parallax=&#8220;content-moving&#8220; parallax_image=&#8220;2283&#8243; css=&#8220;.vc_custom_1618861213764{margin-top: 0px !important;margin-bottom: 0px !important;padding-top: 150px !important;padding-bottom: 150px !important;}&#8220;][vc_column][vc_custom_heading text=&#8220;RESTAURACE&#8220; font_container=&#8220;tag:h1|text_align:left|color:%23ffffff&#8220; google_fonts=&#8220;font_family:Playfair%20Display%3Aregular%2Citalic%2C700%2C700italic%2C900%2C900italic|font_style:400%20regular%3A400%3Anormal&#8220;][vc_custom_heading text=&#8220;j\u00eddlo a pit\u00ed po cel\u00fd den&#8220; font_container=&#8220;tag:h4|text_align:left|color:%23ffffff&#8220; google_fonts=&#8220;font_family:Playfair%20Display%3Aregular%2Citalic%2C700%2C700italic%2C900%2C900italic|font_style:400%20italic%3A400%3Aitalic&#8220;][\/vc_column][\/vc_row][vc_row full_width=&#8220;stretch_row_content_no_spaces&#8220; content_placement=&#8220;top&#8220; css=&#8220;.vc_custom_1618779636032{margin-top: 0px !important;margin-bottom: 0px !important;padding-top: 5% !important;padding-bottom: 5% !important;background-color: #fffafa !important;}&#8220;][vc_column width=&#8220;1\/2&#8243; css=&#8220;.vc_custom_1538936459100{margin-top: 0px !important;margin-bottom: 0px !important;padding-top: 0px !important;padding-bottom: 0px !important;}&#8220;][vc_single_image image=&#8220;2119&#8243; img_size=&#8220;full&#8220; alignment=&#8220;center&#8220; parallax_ratio=&#8220;1.0&#8243; css=&#8220;.vc_custom_1618692403419{margin-top: 0px !important;margin-bottom: 0px !important;padding-top: 0px !important;padding-bottom: 0px !important;}&#8220;][\/vc_column][vc_column width=&#8220;1\/2&#8243; zero_padding_on_mobile=&#8220;on&#8220; zero_margin_on_mobile=&#8220;on&#8220; css=&#8220;.vc_custom_1618779483481{padding-right: 15% !important;padding-left: 15% !important;}&#8220;][vc_column_text]<\/p>\n<h2 style=\"text-align: center;\">Restaurace<\/h2>\n<p class=\"uvodni-text\">Na za\u010d\u00e1tku are\u00e1lu se nach\u00e1z\u00ed stylov\u00e1 restaurace s letn\u00ed terasou s v\u00fdhledem na \u0159eku. Va\u0159\u00edme tradi\u010dn\u00ed \u010desk\u00e1 i mezin\u00e1rodn\u00ed j\u00eddla. P\u0159ipravujeme poctiv\u00e1 dom\u00e1c\u00ed j\u00eddla z \u010derstv\u00fdch surovin.<\/p>\n<p><strong>Sn\u00eddan\u011b, ob\u011bdy a ve\u010de\u0159e<\/strong>\u00a0&#8211; dle aktu\u00e1ln\u00edho j\u00eddeln\u00edho a n\u00e1pojov\u00e9ho l\u00edstku v restauraci[\/vc_column_text][\/vc_column][\/vc_row][vc_row full_width=&#8220;stretch_row_content_no_spaces&#8220; content_placement=&#8220;top&#8220; css=&#8220;.vc_custom_1618779750978{padding-bottom: % !important;background-color: #fffafa !important;}&#8220;][vc_column width=&#8220;1\/2&#8243; css=&#8220;.vc_custom_1618779205201{margin-top: 0px !important;margin-bottom: 0px !important;padding-top: 0px !important;padding-right: 15% !important;padding-bottom: 0px !important;padding-left: 15% !important;}&#8220;][vc_column_text]<\/p>\n<h2 style=\"text-align: center;\">Cateringov\u00e9 slu\u017eby<\/h2>\n<p>Mezi dal\u0161\u00ed slu\u017eby, kter\u00e9 restaurace nab\u00edz\u00ed, pat\u0159\u00ed zaji\u0161t\u011bn\u00ed ob\u010derstven\u00ed p\u0159i \u0161kolen\u00edch, firemn\u00edch \u010di teambuildingov\u00fdch akc\u00edch. Rovn\u011b\u017e p\u0159iprav\u00edme r\u016fzn\u00e9 druhy raut\u016f, ve\u010dern\u00ed grilov\u00e1n\u00ed, cofee-break apod. Tak\u00e9 u n\u00e1s m\u016f\u017eete uspo\u0159\u00e1dat rodinn\u00e9 oslavy a svatebn\u00ed hostiny.<\/p>\n<p>&nbsp;<\/p>\n<ul>\n<li>Restaurace s barem &#8211; 60 m\u00edst<\/li>\n<li>Samoobslu\u017en\u00e1 restaurace &#8211; 120 m\u00edst<\/li>\n<li>Letn\u00ed terasa &#8211; 30 m\u00edst<\/li>\n<li>Venkovn\u00ed posezen\u00ed v are\u00e1lu<\/li>\n<\/ul>\n<p>[\/vc_column_text][vc_single_image image=&#8220;2472&#8243; img_size=&#8220;full&#8220; alignment=&#8220;right&#8220; parallax_ratio=&#8220;0&#8243;][vc_single_image image=&#8220;2474&#8243; img_size=&#8220;full&#8220; alignment=&#8220;right&#8220; parallax_ratio=&#8220;0&#8243;][\/vc_column][vc_column width=&#8220;1\/2&#8243; zero_padding_on_mobile=&#8220;on&#8220; zero_margin_on_mobile=&#8220;on&#8220;][vc_single_image image=&#8220;2233&#8243; img_size=&#8220;full&#8220; alignment=&#8220;right&#8220; parallax_ratio=&#8220;0&#8243;][vc_single_image image=&#8220;2473&#8243; img_size=&#8220;full&#8220; alignment=&#8220;right&#8220; parallax_ratio=&#8220;0&#8243;][\/vc_column][\/vc_row]<\/p>\n","protected":false},"excerpt":{"rendered":"<p>[vc_row full_width=&#8220;stretch_row&#8220; content_placement=&#8220;middle&#8220; parallax=&#8220;content-moving&#8220; parallax_image=&#8220;2283&#8243; css=&#8220;.vc_custom_1618861213764{margin-top: 0px !important;margin-bottom: 0px !important;padding-top: 150px !important;padding-bottom: 150px !important;}&#8220;][vc_column][vc_custom_heading text=&#8220;RESTAURACE&#8220; font_container=&#8220;tag:h1|text_align:left|color:%23ffffff&#8220; google_fonts=&#8220;font_family:Playfair%20Display%3Aregular%2Citalic%2C700%2C700italic%2C900%2C900italic|font_style:400%20regular%3A400%3Anormal&#8220;][vc_custom_heading text=&#8220;j\u00eddlo a pit\u00ed po cel\u00fd den&#8220; font_container=&#8220;tag:h4|text_align:left|color:%23ffffff&#8220; google_fonts=&#8220;font_family:Playfair%20Display%3Aregular%2Citalic%2C700%2C700italic%2C900%2C900italic|font_style:400%20italic%3A400%3Aitalic&#8220;][\/vc_column][\/vc_row][vc_row full_width=&#8220;stretch_row_content_no_spaces&#8220; content_placement=&#8220;top&#8220; css=&#8220;.vc_custom_1618779636032{margin-top: 0px !important;margin-bottom: [&hellip;]<\/p>\n","protected":false},"author":1,"featured_media":0,"parent":0,"menu_order":0,"comment_status":"closed","ping_status":"closed","template":"page-transparent-menu.php","meta":[],"_links":{"self":[{"href":"https:\/\/sport-areal.cz\/index.php\/wp-json\/wp\/v2\/pages\/923"}],"collection":[{"href":"https:\/\/sport-areal.cz\/index.php\/wp-json\/wp\/v2\/pages"}],"about":[{"href":"https:\/\/sport-areal.cz\/index.php\/wp-json\/wp\/v2\/types\/page"}],"author":[{"embeddable":true,"href":"https:\/\/sport-areal.cz\/index.php\/wp-json\/wp\/v2\/users\/1"}],"replies":[{"embeddable":true,"href":"https:\/\/sport-areal.cz\/index.php\/wp-json\/wp\/v2\/comments?post=923"}],"version-history":[{"count":40,"href":"https:\/\/sport-areal.cz\/index.php\/wp-json\/wp\/v2\/pages\/923\/revisions"}],"predecessor-version":[{"id":2509,"href":"https:\/\/sport-areal.cz\/index.php\/wp-json\/wp\/v2\/pages\/923\/revisions\/2509"}],"wp:attachment":[{"href":"https:\/\/sport-areal.cz\/index.php\/wp-json\/wp\/v2\/media?parent=923"}],"curies":[{"name":"wp","href":"https:\/\/api.w.org\/{rel}","templated":true}]}}